{"id":27709,"date":"2025-11-24T16:31:59","date_gmt":"2025-11-24T15:31:59","guid":{"rendered":"https:\/\/stampcurio.com\/product\/1895-magyarorszag-helyi-level-komarom-feladassal-i-vizjel\/"},"modified":"2025-12-05T04:01:05","modified_gmt":"2025-12-05T03:01:05","slug":"1874-magyarorszag-3-krajcaros-dijjegyes-boritek-i-vizjel-komaromban-helyi-kuldemenykent-1895-ben-felhasznalva","status":"publish","type":"product","link":"https:\/\/stampcurio.com\/hu\/termek\/1874-magyarorszag-3-krajcaros-dijjegyes-boritek-i-vizjel-komaromban-helyi-kuldemenykent-1895-ben-felhasznalva\/","title":{"rendered":"1874 Magyarorsz\u00e1g &#8211; 3 krajc\u00e1ros d\u00edjjegyes bor\u00edt\u00e9k (I. v\u00edzjel) Kom\u00e1romban helyi k\u00fcldem\u00e9nyk\u00e9nt 1895-ben felhaszn\u00e1lva"},"content":{"rendered":"","protected":false},"excerpt":{"rendered":"","protected":false},"featured_media":29184,"template":"","meta":[],"product_brand":[],"product_cat":[1172,1189],"product_tag":[1669,74,89],"class_list":{"0":"post-27709","1":"product","2":"type-product","3":"status-publish","4":"has-post-thumbnail","6":"product_cat-magyarorszag","7":"product_cat-szlovakia","8":"product_tag-3rd-auction","9":"product_tag-dijjegyes","10":"product_tag-postatortenet","12":"first","13":"outofstock","14":"sold-individually","15":"shipping-taxable","16":"purchasable","17":"product-type-simple"},"_links":{"self":[{"href":"https:\/\/stampcurio.com\/hu\/wp-json\/wp\/v2\/product\/27709","targetHints":{"allow":["GET"]}}],"collection":[{"href":"https:\/\/stampcurio.com\/hu\/wp-json\/wp\/v2\/product"}],"about":[{"href":"https:\/\/stampcurio.com\/hu\/wp-json\/wp\/v2\/types\/product"}],"wp:featuredmedia":[{"embeddable":true,"href":"https:\/\/stampcurio.com\/hu\/wp-json\/wp\/v2\/media\/29184"}],"wp:attachment":[{"href":"https:\/\/stampcurio.com\/hu\/wp-json\/wp\/v2\/media?parent=27709"}],"wp:term":[{"taxonomy":"product_brand","embeddable":true,"href":"https:\/\/stampcurio.com\/hu\/wp-json\/wp\/v2\/product_brand?post=27709"},{"taxonomy":"product_cat","embeddable":true,"href":"https:\/\/stampcurio.com\/hu\/wp-json\/wp\/v2\/product_cat?post=27709"},{"taxonomy":"product_tag","embeddable":true,"href":"https:\/\/stampcurio.com\/hu\/wp-json\/wp\/v2\/product_tag?post=27709"}],"curies":[{"name":"wp","href":"https:\/\/api.w.org\/{rel}","templated":true}]}}