{"id":27708,"date":"2025-11-24T16:31:59","date_gmt":"2025-11-24T15:31:59","guid":{"rendered":"https:\/\/stampcurio.com\/product\/1911-magyarorszag-dijjegyes-levelezolap-heligolandra-kuldve-a-walesi-herceg-villajaba\/"},"modified":"2026-01-05T15:02:52","modified_gmt":"2026-01-05T14:02:52","slug":"1911-magyarorszag-dijjegyes-levelezolap-heligolandra-kuldve-a-walesi-herceg-villajaba","status":"publish","type":"product","link":"https:\/\/stampcurio.com\/hu\/termek\/1911-magyarorszag-dijjegyes-levelezolap-heligolandra-kuldve-a-walesi-herceg-villajaba\/","title":{"rendered":"1911 Magyarorsz\u00e1g &#8211; D\u00edjjegyes levelez\u0151lap Heligolandra k\u00fcldve, a walesi herceg vill\u00e1j\u00e1ba"},"content":{"rendered":"","protected":false},"excerpt":{"rendered":"","protected":false},"featured_media":29188,"template":"","meta":[],"product_brand":[],"product_cat":[1692,1172],"product_tag":[1669,74,89,1006],"class_list":{"0":"post-27708","1":"product","2":"type-product","3":"status-publish","4":"has-post-thumbnail","6":"product_cat-heligoland","7":"product_cat-magyarorszag","8":"product_tag-3rd-auction","9":"product_tag-dijjegyes","10":"product_tag-postatortenet","11":"product_tag-unsold","13":"first","14":"instock","15":"sold-individually","16":"shipping-taxable","17":"purchasable","18":"product-type-simple"},"_links":{"self":[{"href":"https:\/\/stampcurio.com\/hu\/wp-json\/wp\/v2\/product\/27708","targetHints":{"allow":["GET"]}}],"collection":[{"href":"https:\/\/stampcurio.com\/hu\/wp-json\/wp\/v2\/product"}],"about":[{"href":"https:\/\/stampcurio.com\/hu\/wp-json\/wp\/v2\/types\/product"}],"wp:featuredmedia":[{"embeddable":true,"href":"https:\/\/stampcurio.com\/hu\/wp-json\/wp\/v2\/media\/29188"}],"wp:attachment":[{"href":"https:\/\/stampcurio.com\/hu\/wp-json\/wp\/v2\/media?parent=27708"}],"wp:term":[{"taxonomy":"product_brand","embeddable":true,"href":"https:\/\/stampcurio.com\/hu\/wp-json\/wp\/v2\/product_brand?post=27708"},{"taxonomy":"product_cat","embeddable":true,"href":"https:\/\/stampcurio.com\/hu\/wp-json\/wp\/v2\/product_cat?post=27708"},{"taxonomy":"product_tag","embeddable":true,"href":"https:\/\/stampcurio.com\/hu\/wp-json\/wp\/v2\/product_tag?post=27708"}],"curies":[{"name":"wp","href":"https:\/\/api.w.org\/{rel}","templated":true}]}}