{"id":27707,"date":"2025-11-24T16:31:58","date_gmt":"2025-11-24T15:31:58","guid":{"rendered":"https:\/\/stampcurio.com\/product\/1922-companhia-do-niassa-a-portugal-gyarmatrol-becsbe-kuldott-kikotoben-feladott-boritek-londoni-ajanlasi-ragjeggyel-becsben-portozva\/"},"modified":"2025-12-05T04:01:06","modified_gmt":"2025-12-05T03:01:06","slug":"1922-nyassa-a-portugal-gyarmatrol-becsbe-kuldott-boritek-melyet-a-kikotoben-adtak-fel-igy-csak-londonban-kapta-meg-az-ajanlasi-ragjegyet-a-kuldemenyt-becsben-portoztak","status":"publish","type":"product","link":"https:\/\/stampcurio.com\/hu\/termek\/1922-nyassa-a-portugal-gyarmatrol-becsbe-kuldott-boritek-melyet-a-kikotoben-adtak-fel-igy-csak-londonban-kapta-meg-az-ajanlasi-ragjegyet-a-kuldemenyt-becsben-portoztak\/","title":{"rendered":"1922 Nyassa \u2013 A portug\u00e1l gyarmatr\u00f3l B\u00e9csbe k\u00fcld\u00f6tt bor\u00edt\u00e9k, melyet a kik\u00f6t\u0151ben adtak fel \u00edgy csak londonban kapta meg az aj\u00e1nl\u00e1si ragjegyet, a k\u00fcldem\u00e9nyt B\u00e9csben port\u00f3zt\u00e1k."},"content":{"rendered":"","protected":false},"excerpt":{"rendered":"","protected":false},"featured_media":29178,"template":"","meta":[],"product_brand":[],"product_cat":[1178,1186,1242,1290],"product_tag":[1669,116,176,108,89],"class_list":{"0":"post-27707","1":"product","2":"type-product","3":"status-publish","4":"has-post-thumbnail","6":"product_cat-ausztria","7":"product_cat-brit-birodalom","8":"product_cat-mozambik","9":"product_cat-portugalia","10":"product_tag-3rd-auction","11":"product_tag-belyeg","12":"product_tag-philagem","13":"product_tag-porto","14":"product_tag-postatortenet","16":"first","17":"outofstock","18":"sold-individually","19":"shipping-taxable","20":"purchasable","21":"product-type-simple"},"_links":{"self":[{"href":"https:\/\/stampcurio.com\/hu\/wp-json\/wp\/v2\/product\/27707","targetHints":{"allow":["GET"]}}],"collection":[{"href":"https:\/\/stampcurio.com\/hu\/wp-json\/wp\/v2\/product"}],"about":[{"href":"https:\/\/stampcurio.com\/hu\/wp-json\/wp\/v2\/types\/product"}],"wp:featuredmedia":[{"embeddable":true,"href":"https:\/\/stampcurio.com\/hu\/wp-json\/wp\/v2\/media\/29178"}],"wp:attachment":[{"href":"https:\/\/stampcurio.com\/hu\/wp-json\/wp\/v2\/media?parent=27707"}],"wp:term":[{"taxonomy":"product_brand","embeddable":true,"href":"https:\/\/stampcurio.com\/hu\/wp-json\/wp\/v2\/product_brand?post=27707"},{"taxonomy":"product_cat","embeddable":true,"href":"https:\/\/stampcurio.com\/hu\/wp-json\/wp\/v2\/product_cat?post=27707"},{"taxonomy":"product_tag","embeddable":true,"href":"https:\/\/stampcurio.com\/hu\/wp-json\/wp\/v2\/product_tag?post=27707"}],"curies":[{"name":"wp","href":"https:\/\/api.w.org\/{rel}","templated":true}]}}