{"id":27705,"date":"2025-11-24T16:31:57","date_gmt":"2025-11-24T15:31:57","guid":{"rendered":"https:\/\/stampcurio.com\/product\/1867-magyarorszag-5-kr-negyestomb-hidegkut-temes-belyegzessel-jobb-felso-sarokban-foghiba-gudlin-800\/"},"modified":"2025-12-05T04:01:07","modified_gmt":"2025-12-05T03:01:07","slug":"1867-magyarorszag-5-kr-negyestomb-ritka-hidegkut-temes-belyegzessel-gudlin-800-pont","status":"publish","type":"product","link":"https:\/\/stampcurio.com\/hu\/termek\/1867-magyarorszag-5-kr-negyestomb-ritka-hidegkut-temes-belyegzessel-gudlin-800-pont\/","title":{"rendered":"1867 Magyarorsz\u00e1g &#8211; 5 kr n\u00e9gyest\u00f6mb ritka HIDEGKUT \/ TEMES b\u00e9lyegz\u00e9ssel | Gudlin: 800 pont"},"content":{"rendered":"","protected":false},"excerpt":{"rendered":"<p>Jobb fels\u0151 sarokban foghiba.<\/p>\n","protected":false},"featured_media":31258,"template":"","meta":[],"product_brand":[],"product_cat":[1178,1172,1208],"product_tag":[1669,116,1041],"class_list":{"0":"post-27705","1":"product","2":"type-product","3":"status-publish","4":"has-post-thumbnail","6":"product_cat-ausztria","7":"product_cat-magyarorszag","8":"product_cat-romania","9":"product_tag-3rd-auction","10":"product_tag-belyeg","11":"product_tag-marcophily-hu","13":"first","14":"outofstock","15":"sold-individually","16":"shipping-taxable","17":"purchasable","18":"product-type-simple"},"_links":{"self":[{"href":"https:\/\/stampcurio.com\/hu\/wp-json\/wp\/v2\/product\/27705","targetHints":{"allow":["GET"]}}],"collection":[{"href":"https:\/\/stampcurio.com\/hu\/wp-json\/wp\/v2\/product"}],"about":[{"href":"https:\/\/stampcurio.com\/hu\/wp-json\/wp\/v2\/types\/product"}],"wp:featuredmedia":[{"embeddable":true,"href":"https:\/\/stampcurio.com\/hu\/wp-json\/wp\/v2\/media\/31258"}],"wp:attachment":[{"href":"https:\/\/stampcurio.com\/hu\/wp-json\/wp\/v2\/media?parent=27705"}],"wp:term":[{"taxonomy":"product_brand","embeddable":true,"href":"https:\/\/stampcurio.com\/hu\/wp-json\/wp\/v2\/product_brand?post=27705"},{"taxonomy":"product_cat","embeddable":true,"href":"https:\/\/stampcurio.com\/hu\/wp-json\/wp\/v2\/product_cat?post=27705"},{"taxonomy":"product_tag","embeddable":true,"href":"https:\/\/stampcurio.com\/hu\/wp-json\/wp\/v2\/product_tag?post=27705"}],"curies":[{"name":"wp","href":"https:\/\/api.w.org\/{rel}","templated":true}]}}