{"id":27704,"date":"2025-11-24T16:31:57","date_gmt":"2025-11-24T15:31:57","guid":{"rendered":"https:\/\/stampcurio.com\/product\/1867-magyarorszag-5-kr-par-kek-mohol-belyegzessel-gudlin-500\/"},"modified":"2025-12-05T04:01:07","modified_gmt":"2025-12-05T03:01:07","slug":"1867-magyarorszag-5-kr-par-szep-kek-mohol-belyegzessel-gudlin-500","status":"publish","type":"product","link":"https:\/\/stampcurio.com\/hu\/termek\/1867-magyarorszag-5-kr-par-szep-kek-mohol-belyegzessel-gudlin-500\/","title":{"rendered":"1867 Magyarorsz\u00e1g &#8211; 5 kr p\u00e1r sz\u00e9p k\u00e9k MOHOL b\u00e9lyegz\u00e9ssel \u2013 Gudlin 500"},"content":{"rendered":"","protected":false},"excerpt":{"rendered":"","protected":false},"featured_media":32542,"template":"","meta":[],"product_brand":[],"product_cat":[1178,1172,1245],"product_tag":[1669,116,1041],"class_list":{"0":"post-27704","1":"product","2":"type-product","3":"status-publish","4":"has-post-thumbnail","6":"product_cat-ausztria","7":"product_cat-magyarorszag","8":"product_cat-szerbia","9":"product_tag-3rd-auction","10":"product_tag-belyeg","11":"product_tag-marcophily-hu","13":"first","14":"outofstock","15":"sold-individually","16":"shipping-taxable","17":"purchasable","18":"product-type-simple"},"_links":{"self":[{"href":"https:\/\/stampcurio.com\/hu\/wp-json\/wp\/v2\/product\/27704","targetHints":{"allow":["GET"]}}],"collection":[{"href":"https:\/\/stampcurio.com\/hu\/wp-json\/wp\/v2\/product"}],"about":[{"href":"https:\/\/stampcurio.com\/hu\/wp-json\/wp\/v2\/types\/product"}],"wp:featuredmedia":[{"embeddable":true,"href":"https:\/\/stampcurio.com\/hu\/wp-json\/wp\/v2\/media\/32542"}],"wp:attachment":[{"href":"https:\/\/stampcurio.com\/hu\/wp-json\/wp\/v2\/media?parent=27704"}],"wp:term":[{"taxonomy":"product_brand","embeddable":true,"href":"https:\/\/stampcurio.com\/hu\/wp-json\/wp\/v2\/product_brand?post=27704"},{"taxonomy":"product_cat","embeddable":true,"href":"https:\/\/stampcurio.com\/hu\/wp-json\/wp\/v2\/product_cat?post=27704"},{"taxonomy":"product_tag","embeddable":true,"href":"https:\/\/stampcurio.com\/hu\/wp-json\/wp\/v2\/product_tag?post=27704"}],"curies":[{"name":"wp","href":"https:\/\/api.w.org\/{rel}","templated":true}]}}