{"id":27700,"date":"2025-11-24T16:31:56","date_gmt":"2025-11-24T15:31:56","guid":{"rendered":"https:\/\/stampcurio.com\/product\/1850-ausztria-1-kr-iii-tipus-elso-nyomat-erstdruck-kezi-papir-hp-sotetkadmiumsarga-dunkelkadmiumgelb-kis-lemezhiba\/"},"modified":"2025-12-05T04:01:07","modified_gmt":"2025-12-05T03:01:07","slug":"1850-ausztria-1-kr-iii-tipus-elso-nyomat-erstdruck-kezi-papir-hp-sotetkadmiumsarga-dunkelkadmiumgelb-kis-lemezhiba","status":"publish","type":"product","link":"https:\/\/stampcurio.com\/hu\/termek\/1850-ausztria-1-kr-iii-tipus-elso-nyomat-erstdruck-kezi-papir-hp-sotetkadmiumsarga-dunkelkadmiumgelb-kis-lemezhiba\/","title":{"rendered":"1850 Ausztria &#8211; 1 kr III. t\u00edpus els\u0151 nyomat (Erstdruck), k\u00e9zi pap\u00edr HP, s\u00f6t\u00e9tkadmiums\u00e1rga (dunkelkadmiumgelb), kis lemezhiba"},"content":{"rendered":"","protected":false},"excerpt":{"rendered":"<p>Szolid hajt\u00e1snyom.<\/p>\n","protected":false},"featured_media":32568,"template":"","meta":[],"product_brand":[],"product_cat":[1178,1238],"product_tag":[1669,116,217],"class_list":{"0":"post-27700","1":"product","2":"type-product","3":"status-publish","4":"has-post-thumbnail","6":"product_cat-ausztria","7":"product_cat-csehorszag","8":"product_tag-3rd-auction","9":"product_tag-belyeg","10":"product_tag-tevnyomat","12":"first","13":"outofstock","14":"sold-individually","15":"shipping-taxable","16":"purchasable","17":"product-type-simple"},"_links":{"self":[{"href":"https:\/\/stampcurio.com\/hu\/wp-json\/wp\/v2\/product\/27700","targetHints":{"allow":["GET"]}}],"collection":[{"href":"https:\/\/stampcurio.com\/hu\/wp-json\/wp\/v2\/product"}],"about":[{"href":"https:\/\/stampcurio.com\/hu\/wp-json\/wp\/v2\/types\/product"}],"wp:featuredmedia":[{"embeddable":true,"href":"https:\/\/stampcurio.com\/hu\/wp-json\/wp\/v2\/media\/32568"}],"wp:attachment":[{"href":"https:\/\/stampcurio.com\/hu\/wp-json\/wp\/v2\/media?parent=27700"}],"wp:term":[{"taxonomy":"product_brand","embeddable":true,"href":"https:\/\/stampcurio.com\/hu\/wp-json\/wp\/v2\/product_brand?post=27700"},{"taxonomy":"product_cat","embeddable":true,"href":"https:\/\/stampcurio.com\/hu\/wp-json\/wp\/v2\/product_cat?post=27700"},{"taxonomy":"product_tag","embeddable":true,"href":"https:\/\/stampcurio.com\/hu\/wp-json\/wp\/v2\/product_tag?post=27700"}],"curies":[{"name":"wp","href":"https:\/\/api.w.org\/{rel}","templated":true}]}}