{"id":27699,"date":"2025-11-24T16:31:55","date_gmt":"2025-11-24T15:31:55","guid":{"rendered":"https:\/\/stampcurio.com\/product\/1809-ausztria-becs-latkepes-mesterlevel-szignetta-6-kr-es-kontroll-belyegzessel\/"},"modified":"2025-12-05T04:01:08","modified_gmt":"2025-12-05T03:01:08","slug":"1809-ausztria-latkepes-becs-mesterlevel-ritka-6kr-szignettaval-es-kontroll-belyegzessel-a-hatoldalon-kulonfele-varosi-belyegzesekkel-rendkivul-latvanyos-darab","status":"publish","type":"product","link":"https:\/\/stampcurio.com\/hu\/termek\/1809-ausztria-latkepes-becs-mesterlevel-ritka-6kr-szignettaval-es-kontroll-belyegzessel-a-hatoldalon-kulonfele-varosi-belyegzesekkel-rendkivul-latvanyos-darab\/","title":{"rendered":"1809 Ausztria &#8211; L\u00e1tk\u00e9pes (B\u00e9cs) mesterlev\u00e9l \u2013 ritka 6kr szignett\u00e1val \u00e9s kontroll b\u00e9lyegz\u00e9ssel, a h\u00e1toldalon k\u00fcl\u00f6nf\u00e9le v\u00e1rosi b\u00e9lyegz\u00e9sekkel &#8211; rendk\u00edv\u00fcl l\u00e1tv\u00e1nyos darab"},"content":{"rendered":"","protected":false},"excerpt":{"rendered":"","protected":false},"featured_media":35579,"template":"","meta":[],"product_brand":[],"product_cat":[1178],"product_tag":[1669,282,1329],"class_list":{"0":"post-27699","1":"product","2":"type-product","3":"status-publish","4":"has-post-thumbnail","6":"product_cat-ausztria","7":"product_tag-3rd-auction","8":"product_tag-okmanybelyeg","9":"product_tag-szignetta","11":"first","12":"outofstock","13":"sold-individually","14":"shipping-taxable","15":"purchasable","16":"product-type-simple"},"_links":{"self":[{"href":"https:\/\/stampcurio.com\/hu\/wp-json\/wp\/v2\/product\/27699","targetHints":{"allow":["GET"]}}],"collection":[{"href":"https:\/\/stampcurio.com\/hu\/wp-json\/wp\/v2\/product"}],"about":[{"href":"https:\/\/stampcurio.com\/hu\/wp-json\/wp\/v2\/types\/product"}],"wp:featuredmedia":[{"embeddable":true,"href":"https:\/\/stampcurio.com\/hu\/wp-json\/wp\/v2\/media\/35579"}],"wp:attachment":[{"href":"https:\/\/stampcurio.com\/hu\/wp-json\/wp\/v2\/media?parent=27699"}],"wp:term":[{"taxonomy":"product_brand","embeddable":true,"href":"https:\/\/stampcurio.com\/hu\/wp-json\/wp\/v2\/product_brand?post=27699"},{"taxonomy":"product_cat","embeddable":true,"href":"https:\/\/stampcurio.com\/hu\/wp-json\/wp\/v2\/product_cat?post=27699"},{"taxonomy":"product_tag","embeddable":true,"href":"https:\/\/stampcurio.com\/hu\/wp-json\/wp\/v2\/product_tag?post=27699"}],"curies":[{"name":"wp","href":"https:\/\/api.w.org\/{rel}","templated":true}]}}