{"id":27698,"date":"2025-11-24T16:31:52","date_gmt":"2025-11-24T15:31:52","guid":{"rendered":"https:\/\/stampcurio.com\/product\/1920-24-magyarorszag-az-osszes-arato-es-parlament-postatiszta-belyeg-phu-58-eur\/"},"modified":"2025-12-05T04:01:08","modified_gmt":"2025-12-05T03:01:08","slug":"1920-24-magyarorszag-arato-es-parlament-postatiszta-sorok-phu-58-eur","status":"publish","type":"product","link":"https:\/\/stampcurio.com\/hu\/termek\/1920-24-magyarorszag-arato-es-parlament-postatiszta-sorok-phu-58-eur\/","title":{"rendered":"1920-24 Magyarorsz\u00e1g &#8211; Arat\u00f3 \u00e9s Parlament postatiszta ** sorok | Phu: 58 EUR"},"content":{"rendered":"","protected":false},"excerpt":{"rendered":"","protected":false},"featured_media":34567,"template":"","meta":[],"product_brand":[],"product_cat":[1172],"product_tag":[1669,116],"class_list":{"0":"post-27698","1":"product","2":"type-product","3":"status-publish","4":"has-post-thumbnail","6":"product_cat-magyarorszag","7":"product_tag-3rd-auction","8":"product_tag-belyeg","10":"first","11":"outofstock","12":"sold-individually","13":"shipping-taxable","14":"purchasable","15":"product-type-simple"},"_links":{"self":[{"href":"https:\/\/stampcurio.com\/hu\/wp-json\/wp\/v2\/product\/27698","targetHints":{"allow":["GET"]}}],"collection":[{"href":"https:\/\/stampcurio.com\/hu\/wp-json\/wp\/v2\/product"}],"about":[{"href":"https:\/\/stampcurio.com\/hu\/wp-json\/wp\/v2\/types\/product"}],"wp:featuredmedia":[{"embeddable":true,"href":"https:\/\/stampcurio.com\/hu\/wp-json\/wp\/v2\/media\/34567"}],"wp:attachment":[{"href":"https:\/\/stampcurio.com\/hu\/wp-json\/wp\/v2\/media?parent=27698"}],"wp:term":[{"taxonomy":"product_brand","embeddable":true,"href":"https:\/\/stampcurio.com\/hu\/wp-json\/wp\/v2\/product_brand?post=27698"},{"taxonomy":"product_cat","embeddable":true,"href":"https:\/\/stampcurio.com\/hu\/wp-json\/wp\/v2\/product_cat?post=27698"},{"taxonomy":"product_tag","embeddable":true,"href":"https:\/\/stampcurio.com\/hu\/wp-json\/wp\/v2\/product_tag?post=27698"}],"curies":[{"name":"wp","href":"https:\/\/api.w.org\/{rel}","templated":true}]}}