{"id":27697,"date":"2025-11-24T16:31:51","date_gmt":"2025-11-24T15:31:51","guid":{"rendered":"https:\/\/stampcurio.com\/product\/1914-magyarorszag-hadisegely-i-az-un-probanyomat-sor-1-filler-1-korona-es-2-korona-ertekei-nyomdai-megsemmisito-lyukasztassal\/"},"modified":"2026-01-05T15:02:52","modified_gmt":"2026-01-05T14:02:52","slug":"1914-magyarorszag-hadisegely-i-a-probanyomat-sor-1-filler-1-korona-es-2-korona-ertekei-nyomdai-megsemmisito-lyukasztassal","status":"publish","type":"product","link":"https:\/\/stampcurio.com\/hu\/termek\/1914-magyarorszag-hadisegely-i-a-probanyomat-sor-1-filler-1-korona-es-2-korona-ertekei-nyomdai-megsemmisito-lyukasztassal\/","title":{"rendered":"1914 Magyarorsz\u00e1g &#8211; Hadiseg\u00e9ly I. \u2013 a &#8220;pr\u00f3banyomat&#8221; sor 1 fill\u00e9r, 1 korona \u00e9s 2 korona \u00e9rt\u00e9kei nyomdai megsemmis\u00edt\u0151 lyukaszt\u00e1ssal"},"content":{"rendered":"","protected":false},"excerpt":{"rendered":"<p>Val\u00f3j\u00e1ban a sorozat 1919. \u00e9vi ut\u00e1nnyomat volt, ellent\u00e9tben a katal\u00f3gusban le\u00edrtakkal.<\/p>\n","protected":false},"featured_media":33986,"template":"","meta":[],"product_brand":[],"product_cat":[1172],"product_tag":[1669,116,230,390,217,1006],"class_list":{"0":"post-27697","1":"product","2":"type-product","3":"status-publish","4":"has-post-thumbnail","6":"product_cat-magyarorszag","7":"product_tag-3rd-auction","8":"product_tag-belyeg","9":"product_tag-perfin","10":"product_tag-probanyomat","11":"product_tag-tevnyomat","12":"product_tag-unsold","14":"first","15":"instock","16":"sold-individually","17":"shipping-taxable","18":"purchasable","19":"product-type-simple"},"_links":{"self":[{"href":"https:\/\/stampcurio.com\/hu\/wp-json\/wp\/v2\/product\/27697","targetHints":{"allow":["GET"]}}],"collection":[{"href":"https:\/\/stampcurio.com\/hu\/wp-json\/wp\/v2\/product"}],"about":[{"href":"https:\/\/stampcurio.com\/hu\/wp-json\/wp\/v2\/types\/product"}],"wp:featuredmedia":[{"embeddable":true,"href":"https:\/\/stampcurio.com\/hu\/wp-json\/wp\/v2\/media\/33986"}],"wp:attachment":[{"href":"https:\/\/stampcurio.com\/hu\/wp-json\/wp\/v2\/media?parent=27697"}],"wp:term":[{"taxonomy":"product_brand","embeddable":true,"href":"https:\/\/stampcurio.com\/hu\/wp-json\/wp\/v2\/product_brand?post=27697"},{"taxonomy":"product_cat","embeddable":true,"href":"https:\/\/stampcurio.com\/hu\/wp-json\/wp\/v2\/product_cat?post=27697"},{"taxonomy":"product_tag","embeddable":true,"href":"https:\/\/stampcurio.com\/hu\/wp-json\/wp\/v2\/product_tag?post=27697"}],"curies":[{"name":"wp","href":"https:\/\/api.w.org\/{rel}","templated":true}]}}