{"id":27696,"date":"2025-11-24T16:31:51","date_gmt":"2025-11-24T15:31:51","guid":{"rendered":"https:\/\/stampcurio.com\/product\/1871-magyarorszag-reznyomat-ujnyomatos-teljes-sorozat-phu-275-eur\/"},"modified":"2026-01-11T17:39:49","modified_gmt":"2026-01-11T16:39:49","slug":"1871-magyarorszag-reznyomat-ujnyomat-postatiszta-teljes-sorozat-phu-u8-u13-275-eur","status":"publish","type":"product","link":"https:\/\/stampcurio.com\/hu\/termek\/1871-magyarorszag-reznyomat-ujnyomat-postatiszta-teljes-sorozat-phu-u8-u13-275-eur\/","title":{"rendered":"1871 Magyarorsz\u00e1g &#8211; R\u00e9znyomat \u00fajnyomat postatiszta * teljes sorozat | Phu: U8-U13 \/ 275 EUR"},"content":{"rendered":"","protected":false},"excerpt":{"rendered":"","protected":false},"featured_media":34024,"template":"","meta":[],"product_brand":[],"product_cat":[1172],"product_tag":[1669,116],"class_list":{"0":"post-27696","1":"product","2":"type-product","3":"status-publish","4":"has-post-thumbnail","6":"product_cat-magyarorszag","7":"product_tag-3rd-auction","8":"product_tag-belyeg","10":"first","11":"outofstock","12":"sold-individually","13":"shipping-taxable","14":"purchasable","15":"product-type-simple"},"_links":{"self":[{"href":"https:\/\/stampcurio.com\/hu\/wp-json\/wp\/v2\/product\/27696","targetHints":{"allow":["GET"]}}],"collection":[{"href":"https:\/\/stampcurio.com\/hu\/wp-json\/wp\/v2\/product"}],"about":[{"href":"https:\/\/stampcurio.com\/hu\/wp-json\/wp\/v2\/types\/product"}],"wp:featuredmedia":[{"embeddable":true,"href":"https:\/\/stampcurio.com\/hu\/wp-json\/wp\/v2\/media\/34024"}],"wp:attachment":[{"href":"https:\/\/stampcurio.com\/hu\/wp-json\/wp\/v2\/media?parent=27696"}],"wp:term":[{"taxonomy":"product_brand","embeddable":true,"href":"https:\/\/stampcurio.com\/hu\/wp-json\/wp\/v2\/product_brand?post=27696"},{"taxonomy":"product_cat","embeddable":true,"href":"https:\/\/stampcurio.com\/hu\/wp-json\/wp\/v2\/product_cat?post=27696"},{"taxonomy":"product_tag","embeddable":true,"href":"https:\/\/stampcurio.com\/hu\/wp-json\/wp\/v2\/product_tag?post=27696"}],"curies":[{"name":"wp","href":"https:\/\/api.w.org\/{rel}","templated":true}]}}