{"id":27695,"date":"2025-11-24T16:31:50","date_gmt":"2025-11-24T15:31:50","guid":{"rendered":"https:\/\/stampcurio.com\/product\/1871-1921-magyarorszag-etme-levelzaro-komplett-szett-postatiszta-az-eredeti-elso-kiadas-belyegei\/"},"modified":"2025-12-05T04:01:10","modified_gmt":"2025-12-05T03:01:10","slug":"1871-1921-magyarorszag-etme-levelzaro-komplett-postatiszta-sorozat-az-eredeti-elso-kiadas","status":"publish","type":"product","link":"https:\/\/stampcurio.com\/hu\/termek\/1871-1921-magyarorszag-etme-levelzaro-komplett-postatiszta-sorozat-az-eredeti-elso-kiadas\/","title":{"rendered":"1871 \/ 1921 Magyarorsz\u00e1g &#8211; ETME lev\u00e9lz\u00e1r\u00f3 komplett postatiszta * sorozat &#8211; az eredeti els\u0151 kiad\u00e1s"},"content":{"rendered":"","protected":false},"excerpt":{"rendered":"","protected":false},"featured_media":34001,"template":"","meta":[],"product_brand":[],"product_cat":[1172],"product_tag":[1669,194],"class_list":{"0":"post-27695","1":"product","2":"type-product","3":"status-publish","4":"has-post-thumbnail","6":"product_cat-magyarorszag","7":"product_tag-3rd-auction","8":"product_tag-levelzaro","10":"first","11":"outofstock","12":"sold-individually","13":"shipping-taxable","14":"purchasable","15":"product-type-simple"},"_links":{"self":[{"href":"https:\/\/stampcurio.com\/hu\/wp-json\/wp\/v2\/product\/27695","targetHints":{"allow":["GET"]}}],"collection":[{"href":"https:\/\/stampcurio.com\/hu\/wp-json\/wp\/v2\/product"}],"about":[{"href":"https:\/\/stampcurio.com\/hu\/wp-json\/wp\/v2\/types\/product"}],"wp:featuredmedia":[{"embeddable":true,"href":"https:\/\/stampcurio.com\/hu\/wp-json\/wp\/v2\/media\/34001"}],"wp:attachment":[{"href":"https:\/\/stampcurio.com\/hu\/wp-json\/wp\/v2\/media?parent=27695"}],"wp:term":[{"taxonomy":"product_brand","embeddable":true,"href":"https:\/\/stampcurio.com\/hu\/wp-json\/wp\/v2\/product_brand?post=27695"},{"taxonomy":"product_cat","embeddable":true,"href":"https:\/\/stampcurio.com\/hu\/wp-json\/wp\/v2\/product_cat?post=27695"},{"taxonomy":"product_tag","embeddable":true,"href":"https:\/\/stampcurio.com\/hu\/wp-json\/wp\/v2\/product_tag?post=27695"}],"curies":[{"name":"wp","href":"https:\/\/api.w.org\/{rel}","templated":true}]}}