{"id":27694,"date":"2025-11-24T16:31:50","date_gmt":"2025-11-24T15:31:50","guid":{"rendered":"https:\/\/stampcurio.com\/product\/magyarorszag-voroskereszt-levelzaro-teljes-ivben-postatiszta\/"},"modified":"2025-12-05T04:01:09","modified_gmt":"2025-12-05T03:01:09","slug":"1939-magyarorszag-voroskereszt-levelzaro-teljes-ivben-postatiszta","status":"publish","type":"product","link":"https:\/\/stampcurio.com\/hu\/termek\/1939-magyarorszag-voroskereszt-levelzaro-teljes-ivben-postatiszta\/","title":{"rendered":"1939 Magyarorsz\u00e1g &#8211; V\u00f6r\u00f6skereszt lev\u00e9lz\u00e1r\u00f3 teljes \u00edvben postatiszta"},"content":{"rendered":"","protected":false},"excerpt":{"rendered":"<p>Kis betapad\u00e1s nyomokkal a h\u00e1toldalon.<\/p>\n","protected":false},"featured_media":33687,"template":"","meta":[],"product_brand":[],"product_cat":[1172],"product_tag":[1669,194,328],"class_list":{"0":"post-27694","1":"product","2":"type-product","3":"status-publish","4":"has-post-thumbnail","6":"product_cat-magyarorszag","7":"product_tag-3rd-auction","8":"product_tag-levelzaro","9":"product_tag-voroskereszt","11":"first","12":"outofstock","13":"sold-individually","14":"shipping-taxable","15":"purchasable","16":"product-type-simple"},"_links":{"self":[{"href":"https:\/\/stampcurio.com\/hu\/wp-json\/wp\/v2\/product\/27694","targetHints":{"allow":["GET"]}}],"collection":[{"href":"https:\/\/stampcurio.com\/hu\/wp-json\/wp\/v2\/product"}],"about":[{"href":"https:\/\/stampcurio.com\/hu\/wp-json\/wp\/v2\/types\/product"}],"wp:featuredmedia":[{"embeddable":true,"href":"https:\/\/stampcurio.com\/hu\/wp-json\/wp\/v2\/media\/33687"}],"wp:attachment":[{"href":"https:\/\/stampcurio.com\/hu\/wp-json\/wp\/v2\/media?parent=27694"}],"wp:term":[{"taxonomy":"product_brand","embeddable":true,"href":"https:\/\/stampcurio.com\/hu\/wp-json\/wp\/v2\/product_brand?post=27694"},{"taxonomy":"product_cat","embeddable":true,"href":"https:\/\/stampcurio.com\/hu\/wp-json\/wp\/v2\/product_cat?post=27694"},{"taxonomy":"product_tag","embeddable":true,"href":"https:\/\/stampcurio.com\/hu\/wp-json\/wp\/v2\/product_tag?post=27694"}],"curies":[{"name":"wp","href":"https:\/\/api.w.org\/{rel}","templated":true}]}}