{"id":27693,"date":"2025-11-24T16:31:50","date_gmt":"2025-11-24T15:31:50","guid":{"rendered":"https:\/\/stampcurio.com\/product\/1864-ausztria-10-kr-belyeg-dolha-belyegzovel-gudlin-500\/"},"modified":"2026-01-05T15:02:53","modified_gmt":"2026-01-05T14:02:53","slug":"1864-ausztria-10-kr-belyeg-dolha-belyegzessel-gudlin-500-pont-muller-85-pont","status":"publish","type":"product","link":"https:\/\/stampcurio.com\/hu\/termek\/1864-ausztria-10-kr-belyeg-dolha-belyegzessel-gudlin-500-pont-muller-85-pont\/","title":{"rendered":"1864 Ausztria &#8211; 10 kr b\u00e9lyeg DOLHA b\u00e9lyegz\u00e9ssel | Gudlin: 500 pont, M\u00fcller: 85 pont"},"content":{"rendered":"","protected":false},"excerpt":{"rendered":"","protected":false},"featured_media":33996,"template":"","meta":[],"product_brand":[],"product_cat":[1178,1172,1226],"product_tag":[1669,1041,1006],"class_list":{"0":"post-27693","1":"product","2":"type-product","3":"status-publish","4":"has-post-thumbnail","6":"product_cat-ausztria","7":"product_cat-magyarorszag","8":"product_cat-ukrajna","9":"product_tag-3rd-auction","10":"product_tag-marcophily-hu","11":"product_tag-unsold","13":"first","14":"instock","15":"sold-individually","16":"shipping-taxable","17":"purchasable","18":"product-type-simple"},"_links":{"self":[{"href":"https:\/\/stampcurio.com\/hu\/wp-json\/wp\/v2\/product\/27693","targetHints":{"allow":["GET"]}}],"collection":[{"href":"https:\/\/stampcurio.com\/hu\/wp-json\/wp\/v2\/product"}],"about":[{"href":"https:\/\/stampcurio.com\/hu\/wp-json\/wp\/v2\/types\/product"}],"wp:featuredmedia":[{"embeddable":true,"href":"https:\/\/stampcurio.com\/hu\/wp-json\/wp\/v2\/media\/33996"}],"wp:attachment":[{"href":"https:\/\/stampcurio.com\/hu\/wp-json\/wp\/v2\/media?parent=27693"}],"wp:term":[{"taxonomy":"product_brand","embeddable":true,"href":"https:\/\/stampcurio.com\/hu\/wp-json\/wp\/v2\/product_brand?post=27693"},{"taxonomy":"product_cat","embeddable":true,"href":"https:\/\/stampcurio.com\/hu\/wp-json\/wp\/v2\/product_cat?post=27693"},{"taxonomy":"product_tag","embeddable":true,"href":"https:\/\/stampcurio.com\/hu\/wp-json\/wp\/v2\/product_tag?post=27693"}],"curies":[{"name":"wp","href":"https:\/\/api.w.org\/{rel}","templated":true}]}}