{"id":27691,"date":"2025-11-24T16:31:49","date_gmt":"2025-11-24T15:31:49","guid":{"rendered":"https:\/\/stampcurio.com\/product\/1858-ausztria-2-kr-postatiszta-belyeg-nem-tul-szep-falcnyommal-ferchenbauer-1750-eur\/"},"modified":"2026-01-05T15:02:53","modified_gmt":"2026-01-05T14:02:53","slug":"1858-ausztria-2-kr-ii-tipus-postatiszta-belyeg-ferchenbauer-1-750-eur","status":"publish","type":"product","link":"https:\/\/stampcurio.com\/hu\/termek\/1858-ausztria-2-kr-ii-tipus-postatiszta-belyeg-ferchenbauer-1-750-eur\/","title":{"rendered":"1858 Ausztria &#8211; 2 kr II. tipus &#8211; postatiszta * b\u00e9lyeg &#8211; Ferchenbauer 1.750 EUR"},"content":{"rendered":"","protected":false},"excerpt":{"rendered":"<p>H\u00e1toldal\u00e1n sajnos er\u0151s falcnyommmal.<\/p>\n","protected":false},"featured_media":32530,"template":"","meta":[],"product_brand":[],"product_cat":[1178],"product_tag":[1669,116,1006],"class_list":{"0":"post-27691","1":"product","2":"type-product","3":"status-publish","4":"has-post-thumbnail","6":"product_cat-ausztria","7":"product_tag-3rd-auction","8":"product_tag-belyeg","9":"product_tag-unsold","11":"first","12":"instock","13":"sold-individually","14":"shipping-taxable","15":"purchasable","16":"product-type-simple"},"_links":{"self":[{"href":"https:\/\/stampcurio.com\/hu\/wp-json\/wp\/v2\/product\/27691","targetHints":{"allow":["GET"]}}],"collection":[{"href":"https:\/\/stampcurio.com\/hu\/wp-json\/wp\/v2\/product"}],"about":[{"href":"https:\/\/stampcurio.com\/hu\/wp-json\/wp\/v2\/types\/product"}],"wp:featuredmedia":[{"embeddable":true,"href":"https:\/\/stampcurio.com\/hu\/wp-json\/wp\/v2\/media\/32530"}],"wp:attachment":[{"href":"https:\/\/stampcurio.com\/hu\/wp-json\/wp\/v2\/media?parent=27691"}],"wp:term":[{"taxonomy":"product_brand","embeddable":true,"href":"https:\/\/stampcurio.com\/hu\/wp-json\/wp\/v2\/product_brand?post=27691"},{"taxonomy":"product_cat","embeddable":true,"href":"https:\/\/stampcurio.com\/hu\/wp-json\/wp\/v2\/product_cat?post=27691"},{"taxonomy":"product_tag","embeddable":true,"href":"https:\/\/stampcurio.com\/hu\/wp-json\/wp\/v2\/product_tag?post=27691"}],"curies":[{"name":"wp","href":"https:\/\/api.w.org\/{rel}","templated":true}]}}