{"id":27688,"date":"2025-11-24T16:31:48","date_gmt":"2025-11-24T15:31:48","guid":{"rendered":"https:\/\/stampcurio.com\/product\/1850-ausztria-1-kr-ib-tipus-ketoldali-nyomat-kezi-papir-hp-ferchenbauer-200-eur\/"},"modified":"2025-12-05T04:01:11","modified_gmt":"2025-12-05T03:01:11","slug":"1850-ausztria-1-kr-kezi-papir-hp-ib-tipus-ketoldali-nyomat-szegedin-belyegzessel-ferchenbauer-200-eur","status":"publish","type":"product","link":"https:\/\/stampcurio.com\/hu\/termek\/1850-ausztria-1-kr-kezi-papir-hp-ib-tipus-ketoldali-nyomat-szegedin-belyegzessel-ferchenbauer-200-eur\/","title":{"rendered":"1850 Ausztria &#8211; 1 kr k\u00e9zi pap\u00edr HP Ib t\u00edpus k\u00e9toldali nyomat, SZEGEDIN b\u00e9lyegz\u00e9ssel | Ferchenbauer: 200 EUR"},"content":{"rendered":"","protected":false},"excerpt":{"rendered":"","protected":false},"featured_media":32554,"template":"","meta":[],"product_brand":[],"product_cat":[1178,1172],"product_tag":[1669,116,1041,217],"class_list":{"0":"post-27688","1":"product","2":"type-product","3":"status-publish","4":"has-post-thumbnail","6":"product_cat-ausztria","7":"product_cat-magyarorszag","8":"product_tag-3rd-auction","9":"product_tag-belyeg","10":"product_tag-marcophily-hu","11":"product_tag-tevnyomat","13":"first","14":"outofstock","15":"sold-individually","16":"shipping-taxable","17":"purchasable","18":"product-type-simple"},"_links":{"self":[{"href":"https:\/\/stampcurio.com\/hu\/wp-json\/wp\/v2\/product\/27688","targetHints":{"allow":["GET"]}}],"collection":[{"href":"https:\/\/stampcurio.com\/hu\/wp-json\/wp\/v2\/product"}],"about":[{"href":"https:\/\/stampcurio.com\/hu\/wp-json\/wp\/v2\/types\/product"}],"wp:featuredmedia":[{"embeddable":true,"href":"https:\/\/stampcurio.com\/hu\/wp-json\/wp\/v2\/media\/32554"}],"wp:attachment":[{"href":"https:\/\/stampcurio.com\/hu\/wp-json\/wp\/v2\/media?parent=27688"}],"wp:term":[{"taxonomy":"product_brand","embeddable":true,"href":"https:\/\/stampcurio.com\/hu\/wp-json\/wp\/v2\/product_brand?post=27688"},{"taxonomy":"product_cat","embeddable":true,"href":"https:\/\/stampcurio.com\/hu\/wp-json\/wp\/v2\/product_cat?post=27688"},{"taxonomy":"product_tag","embeddable":true,"href":"https:\/\/stampcurio.com\/hu\/wp-json\/wp\/v2\/product_tag?post=27688"}],"curies":[{"name":"wp","href":"https:\/\/api.w.org\/{rel}","templated":true}]}}