{"id":27686,"date":"2025-11-24T16:31:47","date_gmt":"2025-11-24T15:31:47","guid":{"rendered":"https:\/\/stampcurio.com\/product\/1850-ausztria-1-kr-iii-tipus-kezi-papir-hp-elso-nyomat-erste-druck-sotetnarancssarga-dunkelorange-luxus-triest-belyegzessel-ferchenbauer-215-eur\/"},"modified":"2025-12-05T04:01:12","modified_gmt":"2025-12-05T03:01:12","slug":"1850-ausztria-1-kr-iii-tipus-kezi-papir-hp-elso-nyomat-erste-druck-sotetnarancssarga-dunkelorange-luxus-triest-belyegzessel-ferchenbauer-215-eur","status":"publish","type":"product","link":"https:\/\/stampcurio.com\/hu\/termek\/1850-ausztria-1-kr-iii-tipus-kezi-papir-hp-elso-nyomat-erste-druck-sotetnarancssarga-dunkelorange-luxus-triest-belyegzessel-ferchenbauer-215-eur\/","title":{"rendered":"1850 Ausztria &#8211; 1 kr III. t\u00edpus k\u00e9zi pap\u00edr HP, els\u0151 nyomat (Erste Druck), s\u00f6t\u00e9tnarancss\u00e1rga (dunkelorange) luxus TRIEST b\u00e9lyegz\u00e9ssel | Ferchenbauer: 215 EUR"},"content":{"rendered":"","protected":false},"excerpt":{"rendered":"","protected":false},"featured_media":32534,"template":"","meta":[],"product_brand":[],"product_cat":[1178],"product_tag":[1669,116,1041],"class_list":{"0":"post-27686","1":"product","2":"type-product","3":"status-publish","4":"has-post-thumbnail","6":"product_cat-ausztria","7":"product_tag-3rd-auction","8":"product_tag-belyeg","9":"product_tag-marcophily-hu","11":"first","12":"outofstock","13":"sold-individually","14":"shipping-taxable","15":"purchasable","16":"product-type-simple"},"_links":{"self":[{"href":"https:\/\/stampcurio.com\/hu\/wp-json\/wp\/v2\/product\/27686","targetHints":{"allow":["GET"]}}],"collection":[{"href":"https:\/\/stampcurio.com\/hu\/wp-json\/wp\/v2\/product"}],"about":[{"href":"https:\/\/stampcurio.com\/hu\/wp-json\/wp\/v2\/types\/product"}],"wp:featuredmedia":[{"embeddable":true,"href":"https:\/\/stampcurio.com\/hu\/wp-json\/wp\/v2\/media\/32534"}],"wp:attachment":[{"href":"https:\/\/stampcurio.com\/hu\/wp-json\/wp\/v2\/media?parent=27686"}],"wp:term":[{"taxonomy":"product_brand","embeddable":true,"href":"https:\/\/stampcurio.com\/hu\/wp-json\/wp\/v2\/product_brand?post=27686"},{"taxonomy":"product_cat","embeddable":true,"href":"https:\/\/stampcurio.com\/hu\/wp-json\/wp\/v2\/product_cat?post=27686"},{"taxonomy":"product_tag","embeddable":true,"href":"https:\/\/stampcurio.com\/hu\/wp-json\/wp\/v2\/product_tag?post=27686"}],"curies":[{"name":"wp","href":"https:\/\/api.w.org\/{rel}","templated":true}]}}