{"id":27685,"date":"2025-11-24T16:31:46","date_gmt":"2025-11-24T15:31:46","guid":{"rendered":"https:\/\/stampcurio.com\/product\/1850-ausztria-6-kr-rozsdabarna-rostbraun-a-ritka-ic-tipus-vekony-papiron-007mm-bistritz-in-siebenb-belyegzes-ferchenbauer-75-eur-attest-goller\/"},"modified":"2026-01-05T15:02:54","modified_gmt":"2026-01-05T14:02:54","slug":"1850-ausztria-6-kr-hp-a-ritka-ic-tipus-rozsdabarna-rostbraun-vekony-papiron-007mm-bistritz-in-siebenb-belyegzes-ferchenbauer-75-eur-pruf-goller","status":"publish","type":"product","link":"https:\/\/stampcurio.com\/hu\/termek\/1850-ausztria-6-kr-hp-a-ritka-ic-tipus-rozsdabarna-rostbraun-vekony-papiron-007mm-bistritz-in-siebenb-belyegzes-ferchenbauer-75-eur-pruf-goller\/","title":{"rendered":"1850 Ausztria &#8211; 6 kr HP a ritka Ic t\u00edpus, rozsdabarna (rostbraun), v\u00e9kony pap\u00edron 0,07mm &#8211; BISTRITZ in SIEBENB: b\u00e9lyegz\u00e9s | Ferchenbauer: 75 EUR | Pr\u00fcf: Goller"},"content":{"rendered":"","protected":false},"excerpt":{"rendered":"","protected":false},"featured_media":35237,"template":"","meta":[],"product_brand":[],"product_cat":[1178,1172,1208],"product_tag":[1669,116,1041,1006],"class_list":{"0":"post-27685","1":"product","2":"type-product","3":"status-publish","4":"has-post-thumbnail","6":"product_cat-ausztria","7":"product_cat-magyarorszag","8":"product_cat-romania","9":"product_tag-3rd-auction","10":"product_tag-belyeg","11":"product_tag-marcophily-hu","12":"product_tag-unsold","14":"first","15":"instock","16":"sold-individually","17":"shipping-taxable","18":"purchasable","19":"product-type-simple"},"_links":{"self":[{"href":"https:\/\/stampcurio.com\/hu\/wp-json\/wp\/v2\/product\/27685","targetHints":{"allow":["GET"]}}],"collection":[{"href":"https:\/\/stampcurio.com\/hu\/wp-json\/wp\/v2\/product"}],"about":[{"href":"https:\/\/stampcurio.com\/hu\/wp-json\/wp\/v2\/types\/product"}],"wp:featuredmedia":[{"embeddable":true,"href":"https:\/\/stampcurio.com\/hu\/wp-json\/wp\/v2\/media\/35237"}],"wp:attachment":[{"href":"https:\/\/stampcurio.com\/hu\/wp-json\/wp\/v2\/media?parent=27685"}],"wp:term":[{"taxonomy":"product_brand","embeddable":true,"href":"https:\/\/stampcurio.com\/hu\/wp-json\/wp\/v2\/product_brand?post=27685"},{"taxonomy":"product_cat","embeddable":true,"href":"https:\/\/stampcurio.com\/hu\/wp-json\/wp\/v2\/product_cat?post=27685"},{"taxonomy":"product_tag","embeddable":true,"href":"https:\/\/stampcurio.com\/hu\/wp-json\/wp\/v2\/product_tag?post=27685"}],"curies":[{"name":"wp","href":"https:\/\/api.w.org\/{rel}","templated":true}]}}