{"id":27684,"date":"2025-11-24T16:31:46","date_gmt":"2025-11-24T15:31:46","guid":{"rendered":"https:\/\/stampcurio.com\/product\/1850-ausztria-9-kr-i-tipus-par\/"},"modified":"2025-12-05T04:01:12","modified_gmt":"2025-12-05T03:01:12","slug":"1850-ausztria-9-kr-i-tipus-par-olloval-reszlegesen-elvalasztva","status":"publish","type":"product","link":"https:\/\/stampcurio.com\/hu\/termek\/1850-ausztria-9-kr-i-tipus-par-olloval-reszlegesen-elvalasztva\/","title":{"rendered":"1850 Ausztria &#8211; 9 kr I. t\u00edpus p\u00e1r olloval r\u00e9szlegesen elv\u00e1lasztva"},"content":{"rendered":"","protected":false},"excerpt":{"rendered":"<p>A jobb oldali b\u00e9lyegen szolid hajt\u00e1snyom.<\/p>\n","protected":false},"featured_media":35233,"template":"","meta":[],"product_brand":[],"product_cat":[1178],"product_tag":[1669,116],"class_list":{"0":"post-27684","1":"product","2":"type-product","3":"status-publish","4":"has-post-thumbnail","6":"product_cat-ausztria","7":"product_tag-3rd-auction","8":"product_tag-belyeg","10":"first","11":"outofstock","12":"sold-individually","13":"shipping-taxable","14":"purchasable","15":"product-type-simple"},"_links":{"self":[{"href":"https:\/\/stampcurio.com\/hu\/wp-json\/wp\/v2\/product\/27684","targetHints":{"allow":["GET"]}}],"collection":[{"href":"https:\/\/stampcurio.com\/hu\/wp-json\/wp\/v2\/product"}],"about":[{"href":"https:\/\/stampcurio.com\/hu\/wp-json\/wp\/v2\/types\/product"}],"wp:featuredmedia":[{"embeddable":true,"href":"https:\/\/stampcurio.com\/hu\/wp-json\/wp\/v2\/media\/35233"}],"wp:attachment":[{"href":"https:\/\/stampcurio.com\/hu\/wp-json\/wp\/v2\/media?parent=27684"}],"wp:term":[{"taxonomy":"product_brand","embeddable":true,"href":"https:\/\/stampcurio.com\/hu\/wp-json\/wp\/v2\/product_brand?post=27684"},{"taxonomy":"product_cat","embeddable":true,"href":"https:\/\/stampcurio.com\/hu\/wp-json\/wp\/v2\/product_cat?post=27684"},{"taxonomy":"product_tag","embeddable":true,"href":"https:\/\/stampcurio.com\/hu\/wp-json\/wp\/v2\/product_tag?post=27684"}],"curies":[{"name":"wp","href":"https:\/\/api.w.org\/{rel}","templated":true}]}}