{"id":27683,"date":"2025-11-24T16:31:46","date_gmt":"2025-11-24T15:31:46","guid":{"rendered":"https:\/\/stampcurio.com\/product\/1863-ausztria-2-kr-melysarga-tiefgelb-szep-ovalis-pressburg-belyegzovel-ferchenbauer-160-eur\/"},"modified":"2025-12-05T04:01:12","modified_gmt":"2025-12-05T03:01:12","slug":"1863-ausztria-2-kr-melysarga-tiefgelb-szep-ovalis-pressburg-belyegzovel-ferchenbauer-160-eur","status":"publish","type":"product","link":"https:\/\/stampcurio.com\/hu\/termek\/1863-ausztria-2-kr-melysarga-tiefgelb-szep-ovalis-pressburg-belyegzovel-ferchenbauer-160-eur\/","title":{"rendered":"1863 Ausztria &#8211; 2 kr m\u00e9lys\u00e1rga (tiefgelb) sz\u00e9p ov\u00e1lis PRESSBURG b\u00e9lyegz\u0151vel | Ferchenbauer: 160 EUR"},"content":{"rendered":"","protected":false},"excerpt":{"rendered":"","protected":false},"featured_media":33685,"template":"","meta":[],"product_brand":[],"product_cat":[1178,1172,1189],"product_tag":[1669,116,1041],"class_list":{"0":"post-27683","1":"product","2":"type-product","3":"status-publish","4":"has-post-thumbnail","6":"product_cat-ausztria","7":"product_cat-magyarorszag","8":"product_cat-szlovakia","9":"product_tag-3rd-auction","10":"product_tag-belyeg","11":"product_tag-marcophily-hu","13":"first","14":"outofstock","15":"sold-individually","16":"shipping-taxable","17":"purchasable","18":"product-type-simple"},"_links":{"self":[{"href":"https:\/\/stampcurio.com\/hu\/wp-json\/wp\/v2\/product\/27683","targetHints":{"allow":["GET"]}}],"collection":[{"href":"https:\/\/stampcurio.com\/hu\/wp-json\/wp\/v2\/product"}],"about":[{"href":"https:\/\/stampcurio.com\/hu\/wp-json\/wp\/v2\/types\/product"}],"wp:featuredmedia":[{"embeddable":true,"href":"https:\/\/stampcurio.com\/hu\/wp-json\/wp\/v2\/media\/33685"}],"wp:attachment":[{"href":"https:\/\/stampcurio.com\/hu\/wp-json\/wp\/v2\/media?parent=27683"}],"wp:term":[{"taxonomy":"product_brand","embeddable":true,"href":"https:\/\/stampcurio.com\/hu\/wp-json\/wp\/v2\/product_brand?post=27683"},{"taxonomy":"product_cat","embeddable":true,"href":"https:\/\/stampcurio.com\/hu\/wp-json\/wp\/v2\/product_cat?post=27683"},{"taxonomy":"product_tag","embeddable":true,"href":"https:\/\/stampcurio.com\/hu\/wp-json\/wp\/v2\/product_tag?post=27683"}],"curies":[{"name":"wp","href":"https:\/\/api.w.org\/{rel}","templated":true}]}}