{"id":2768,"date":"2023-11-14T10:45:18","date_gmt":"2023-11-14T09:45:18","guid":{"rendered":"http:\/\/stampcurio.com\/?post_type=product&#038;p=2768"},"modified":"2025-12-05T04:13:25","modified_gmt":"2025-12-05T03:13:25","slug":"1900-richter-level-6f-helyi-level-dij-31kr-hirlapilletek-belyeggel-lerova","status":"publish","type":"product","link":"https:\/\/stampcurio.com\/hu\/termek\/1900-richter-level-6f-helyi-level-dij-31kr-hirlapilletek-belyeggel-lerova\/","title":{"rendered":"1900 Richter lev\u00e9l 6f helyi lev\u00e9l d\u00edj 3*1kr h\u00edrlapillet\u00e9k (!) b\u00e9lyeggel ler\u00f3va"},"content":{"rendered":"","protected":false},"excerpt":{"rendered":"<p>A b\u00e9lyegek I. v\u00edzjelesek.<\/p>\n","protected":false},"featured_media":11094,"template":"","meta":[],"product_brand":[],"product_cat":[73],"product_tag":[1044,116,282,89],"class_list":{"0":"post-2768","1":"product","2":"type-product","3":"status-publish","4":"has-post-thumbnail","6":"product_cat-magyarorszag-1st","7":"product_tag-1st-auction-hu","8":"product_tag-belyeg","9":"product_tag-okmanybelyeg","10":"product_tag-postatortenet","11":"pa_catalog_id-281","13":"first","14":"instock","15":"sold-individually","16":"shipping-taxable","17":"product-type-simple"},"_links":{"self":[{"href":"https:\/\/stampcurio.com\/hu\/wp-json\/wp\/v2\/product\/2768","targetHints":{"allow":["GET"]}}],"collection":[{"href":"https:\/\/stampcurio.com\/hu\/wp-json\/wp\/v2\/product"}],"about":[{"href":"https:\/\/stampcurio.com\/hu\/wp-json\/wp\/v2\/types\/product"}],"wp:featuredmedia":[{"embeddable":true,"href":"https:\/\/stampcurio.com\/hu\/wp-json\/wp\/v2\/media\/11094"}],"wp:attachment":[{"href":"https:\/\/stampcurio.com\/hu\/wp-json\/wp\/v2\/media?parent=2768"}],"wp:term":[{"taxonomy":"product_brand","embeddable":true,"href":"https:\/\/stampcurio.com\/hu\/wp-json\/wp\/v2\/product_brand?post=2768"},{"taxonomy":"product_cat","embeddable":true,"href":"https:\/\/stampcurio.com\/hu\/wp-json\/wp\/v2\/product_cat?post=2768"},{"taxonomy":"product_tag","embeddable":true,"href":"https:\/\/stampcurio.com\/hu\/wp-json\/wp\/v2\/product_tag?post=2768"}],"curies":[{"name":"wp","href":"https:\/\/api.w.org\/{rel}","templated":true}]}}