{"id":27679,"date":"2025-11-24T16:31:44","date_gmt":"2025-11-24T15:31:44","guid":{"rendered":"https:\/\/stampcurio.com\/product\/1850-ausztria-3-db-9-kr-i-tipusu-belyeg-p-232-143-58-ivhelyek\/"},"modified":"2025-12-05T04:01:13","modified_gmt":"2025-12-05T03:01:13","slug":"1850-ausztria-harom-9-kr-hp-i-tipusu-belyeg-p232-p143-p58-ivhelyek","status":"publish","type":"product","link":"https:\/\/stampcurio.com\/hu\/termek\/1850-ausztria-harom-9-kr-hp-i-tipusu-belyeg-p232-p143-p58-ivhelyek\/","title":{"rendered":"1850 Ausztria &#8211; h\u00e1rom 9 kr HP I. t\u00edpus\u00fa b\u00e9lyeg, P232, P143, P58 \u00edvhelyek"},"content":{"rendered":"","protected":false},"excerpt":{"rendered":"","protected":false},"featured_media":32498,"template":"","meta":[],"product_brand":[],"product_cat":[1178,1172,1245],"product_tag":[1669,116,217],"class_list":{"0":"post-27679","1":"product","2":"type-product","3":"status-publish","4":"has-post-thumbnail","6":"product_cat-ausztria","7":"product_cat-magyarorszag","8":"product_cat-szerbia","9":"product_tag-3rd-auction","10":"product_tag-belyeg","11":"product_tag-tevnyomat","13":"first","14":"outofstock","15":"sold-individually","16":"shipping-taxable","17":"purchasable","18":"product-type-simple"},"_links":{"self":[{"href":"https:\/\/stampcurio.com\/hu\/wp-json\/wp\/v2\/product\/27679","targetHints":{"allow":["GET"]}}],"collection":[{"href":"https:\/\/stampcurio.com\/hu\/wp-json\/wp\/v2\/product"}],"about":[{"href":"https:\/\/stampcurio.com\/hu\/wp-json\/wp\/v2\/types\/product"}],"wp:featuredmedia":[{"embeddable":true,"href":"https:\/\/stampcurio.com\/hu\/wp-json\/wp\/v2\/media\/32498"}],"wp:attachment":[{"href":"https:\/\/stampcurio.com\/hu\/wp-json\/wp\/v2\/media?parent=27679"}],"wp:term":[{"taxonomy":"product_brand","embeddable":true,"href":"https:\/\/stampcurio.com\/hu\/wp-json\/wp\/v2\/product_brand?post=27679"},{"taxonomy":"product_cat","embeddable":true,"href":"https:\/\/stampcurio.com\/hu\/wp-json\/wp\/v2\/product_cat?post=27679"},{"taxonomy":"product_tag","embeddable":true,"href":"https:\/\/stampcurio.com\/hu\/wp-json\/wp\/v2\/product_tag?post=27679"}],"curies":[{"name":"wp","href":"https:\/\/api.w.org\/{rel}","templated":true}]}}