{"id":27678,"date":"2025-11-24T16:31:44","date_gmt":"2025-11-24T15:31:44","guid":{"rendered":"https:\/\/stampcurio.com\/product\/1850-ausztria-6-kr-szerednye-lebelyegzes-gudlin-400\/"},"modified":"2025-12-05T04:01:13","modified_gmt":"2025-12-05T03:01:13","slug":"1850-ausztria-6-kr-kezipapir-i-tipus-szerednye-belyegzes-gudlin-400-pont-muller-100-pont","status":"publish","type":"product","link":"https:\/\/stampcurio.com\/hu\/termek\/1850-ausztria-6-kr-kezipapir-i-tipus-szerednye-belyegzes-gudlin-400-pont-muller-100-pont\/","title":{"rendered":"1850 Ausztria &#8211; 6 kr k\u00e9zipap\u00edr I. tipus &#8211; SZEREDNYE b\u00e9lyegz\u00e9s | Gudlin: 400 pont | M\u00fcller: 100 pont"},"content":{"rendered":"","protected":false},"excerpt":{"rendered":"","protected":false},"featured_media":33681,"template":"","meta":[],"product_brand":[],"product_cat":[1178,1172,1226],"product_tag":[1669,116,1041],"class_list":{"0":"post-27678","1":"product","2":"type-product","3":"status-publish","4":"has-post-thumbnail","6":"product_cat-ausztria","7":"product_cat-magyarorszag","8":"product_cat-ukrajna","9":"product_tag-3rd-auction","10":"product_tag-belyeg","11":"product_tag-marcophily-hu","13":"first","14":"outofstock","15":"sold-individually","16":"shipping-taxable","17":"purchasable","18":"product-type-simple"},"_links":{"self":[{"href":"https:\/\/stampcurio.com\/hu\/wp-json\/wp\/v2\/product\/27678","targetHints":{"allow":["GET"]}}],"collection":[{"href":"https:\/\/stampcurio.com\/hu\/wp-json\/wp\/v2\/product"}],"about":[{"href":"https:\/\/stampcurio.com\/hu\/wp-json\/wp\/v2\/types\/product"}],"wp:featuredmedia":[{"embeddable":true,"href":"https:\/\/stampcurio.com\/hu\/wp-json\/wp\/v2\/media\/33681"}],"wp:attachment":[{"href":"https:\/\/stampcurio.com\/hu\/wp-json\/wp\/v2\/media?parent=27678"}],"wp:term":[{"taxonomy":"product_brand","embeddable":true,"href":"https:\/\/stampcurio.com\/hu\/wp-json\/wp\/v2\/product_brand?post=27678"},{"taxonomy":"product_cat","embeddable":true,"href":"https:\/\/stampcurio.com\/hu\/wp-json\/wp\/v2\/product_cat?post=27678"},{"taxonomy":"product_tag","embeddable":true,"href":"https:\/\/stampcurio.com\/hu\/wp-json\/wp\/v2\/product_tag?post=27678"}],"curies":[{"name":"wp","href":"https:\/\/api.w.org\/{rel}","templated":true}]}}