{"id":27674,"date":"2025-11-24T16:31:42","date_gmt":"2025-11-24T15:31:42","guid":{"rendered":"https:\/\/stampcurio.com\/product\/1864-ausztria-ket-lebelyegzes-neu-szilvas-bacs-gudlin-300-250\/"},"modified":"2025-12-05T04:01:15","modified_gmt":"2025-12-05T03:01:15","slug":"1864-ausztria-ket-jobb-vajdasagi-belyegzes-neu-szivacz-bacs-gudlin-300-250-pont-muller-30-25-pont","status":"publish","type":"product","link":"https:\/\/stampcurio.com\/hu\/termek\/1864-ausztria-ket-jobb-vajdasagi-belyegzes-neu-szivacz-bacs-gudlin-300-250-pont-muller-30-25-pont\/","title":{"rendered":"1864 Ausztria &#8211; K\u00e9t jobb Vajdas\u00e1gi b\u00e9lyegz\u00e9s: NEU SZIVACZ, B\u00c1CS | Gudlin: 300 + 250 pont, M\u00fcller: 30 + 25 pont"},"content":{"rendered":"","protected":false},"excerpt":{"rendered":"","protected":false},"featured_media":32560,"template":"","meta":[],"product_brand":[],"product_cat":[1178,1172,1245],"product_tag":[1669,116,1041],"class_list":{"0":"post-27674","1":"product","2":"type-product","3":"status-publish","4":"has-post-thumbnail","6":"product_cat-ausztria","7":"product_cat-magyarorszag","8":"product_cat-szerbia","9":"product_tag-3rd-auction","10":"product_tag-belyeg","11":"product_tag-marcophily-hu","13":"first","14":"outofstock","15":"sold-individually","16":"shipping-taxable","17":"purchasable","18":"product-type-simple"},"_links":{"self":[{"href":"https:\/\/stampcurio.com\/hu\/wp-json\/wp\/v2\/product\/27674","targetHints":{"allow":["GET"]}}],"collection":[{"href":"https:\/\/stampcurio.com\/hu\/wp-json\/wp\/v2\/product"}],"about":[{"href":"https:\/\/stampcurio.com\/hu\/wp-json\/wp\/v2\/types\/product"}],"wp:featuredmedia":[{"embeddable":true,"href":"https:\/\/stampcurio.com\/hu\/wp-json\/wp\/v2\/media\/32560"}],"wp:attachment":[{"href":"https:\/\/stampcurio.com\/hu\/wp-json\/wp\/v2\/media?parent=27674"}],"wp:term":[{"taxonomy":"product_brand","embeddable":true,"href":"https:\/\/stampcurio.com\/hu\/wp-json\/wp\/v2\/product_brand?post=27674"},{"taxonomy":"product_cat","embeddable":true,"href":"https:\/\/stampcurio.com\/hu\/wp-json\/wp\/v2\/product_cat?post=27674"},{"taxonomy":"product_tag","embeddable":true,"href":"https:\/\/stampcurio.com\/hu\/wp-json\/wp\/v2\/product_tag?post=27674"}],"curies":[{"name":"wp","href":"https:\/\/api.w.org\/{rel}","templated":true}]}}