{"id":27672,"date":"2025-11-24T16:31:41","date_gmt":"2025-11-24T15:31:41","guid":{"rendered":"https:\/\/stampcurio.com\/product\/1867-ausztria-farbflecken\/"},"modified":"2025-12-05T04:01:16","modified_gmt":"2025-12-05T03:01:16","slug":"1867-ausztria-tevnyomatos-belyegek-festekfoltok-farbflecken-lemezhibak-plattenfehler","status":"publish","type":"product","link":"https:\/\/stampcurio.com\/hu\/termek\/1867-ausztria-tevnyomatos-belyegek-festekfoltok-farbflecken-lemezhibak-plattenfehler\/","title":{"rendered":"1867 Ausztria &#8211; t\u00e9vnyomatos b\u00e9lyegek &#8211; fest\u00e9kfoltok ( Farbflecken) \/ lemezhib\u00e1k (plattenfehler)"},"content":{"rendered":"","protected":false},"excerpt":{"rendered":"","protected":false},"featured_media":34005,"template":"","meta":[],"product_brand":[],"product_cat":[1178],"product_tag":[1669,116,217],"class_list":{"0":"post-27672","1":"product","2":"type-product","3":"status-publish","4":"has-post-thumbnail","6":"product_cat-ausztria","7":"product_tag-3rd-auction","8":"product_tag-belyeg","9":"product_tag-tevnyomat","11":"first","12":"outofstock","13":"sold-individually","14":"shipping-taxable","15":"purchasable","16":"product-type-simple"},"_links":{"self":[{"href":"https:\/\/stampcurio.com\/hu\/wp-json\/wp\/v2\/product\/27672","targetHints":{"allow":["GET"]}}],"collection":[{"href":"https:\/\/stampcurio.com\/hu\/wp-json\/wp\/v2\/product"}],"about":[{"href":"https:\/\/stampcurio.com\/hu\/wp-json\/wp\/v2\/types\/product"}],"wp:featuredmedia":[{"embeddable":true,"href":"https:\/\/stampcurio.com\/hu\/wp-json\/wp\/v2\/media\/34005"}],"wp:attachment":[{"href":"https:\/\/stampcurio.com\/hu\/wp-json\/wp\/v2\/media?parent=27672"}],"wp:term":[{"taxonomy":"product_brand","embeddable":true,"href":"https:\/\/stampcurio.com\/hu\/wp-json\/wp\/v2\/product_brand?post=27672"},{"taxonomy":"product_cat","embeddable":true,"href":"https:\/\/stampcurio.com\/hu\/wp-json\/wp\/v2\/product_cat?post=27672"},{"taxonomy":"product_tag","embeddable":true,"href":"https:\/\/stampcurio.com\/hu\/wp-json\/wp\/v2\/product_tag?post=27672"}],"curies":[{"name":"wp","href":"https:\/\/api.w.org\/{rel}","templated":true}]}}