{"id":27668,"date":"2025-11-24T16:31:38","date_gmt":"2025-11-24T15:31:38","guid":{"rendered":"https:\/\/stampcurio.com\/product\/1867-ausztria-erdekessegek-gegitterte-medeillons-feher-foltok-a-fejnel-kek-belyegzes\/"},"modified":"2026-01-05T15:02:55","modified_gmt":"2026-01-05T14:02:55","slug":"1867-ausztria-erdekessegek-tevnyomatok-1-sor-gegittertes-medeillons-2-sor-feher-foltok-a-fejnel-3-sor-kek-belyegzes","status":"publish","type":"product","link":"https:\/\/stampcurio.com\/hu\/termek\/1867-ausztria-erdekessegek-tevnyomatok-1-sor-gegittertes-medeillons-2-sor-feher-foltok-a-fejnel-3-sor-kek-belyegzes\/","title":{"rendered":"1867 Ausztria &#8211; \u00e9rdekess\u00e9gek \/ t\u00e9vnyomatok \u2013 1. sor: \u201eGegittertes Medeillons\u201d, 2. sor: feh\u00e9r foltok a fejn\u00e9l, 3. sor: k\u00e9k b\u00e9lyegz\u00e9s"},"content":{"rendered":"","protected":false},"excerpt":{"rendered":"","protected":false},"featured_media":33964,"template":"","meta":[],"product_brand":[],"product_cat":[1178],"product_tag":[1669,116,1041,217,1006],"class_list":{"0":"post-27668","1":"product","2":"type-product","3":"status-publish","4":"has-post-thumbnail","6":"product_cat-ausztria","7":"product_tag-3rd-auction","8":"product_tag-belyeg","9":"product_tag-marcophily-hu","10":"product_tag-tevnyomat","11":"product_tag-unsold","13":"first","14":"instock","15":"sold-individually","16":"shipping-taxable","17":"purchasable","18":"product-type-simple"},"_links":{"self":[{"href":"https:\/\/stampcurio.com\/hu\/wp-json\/wp\/v2\/product\/27668","targetHints":{"allow":["GET"]}}],"collection":[{"href":"https:\/\/stampcurio.com\/hu\/wp-json\/wp\/v2\/product"}],"about":[{"href":"https:\/\/stampcurio.com\/hu\/wp-json\/wp\/v2\/types\/product"}],"wp:featuredmedia":[{"embeddable":true,"href":"https:\/\/stampcurio.com\/hu\/wp-json\/wp\/v2\/media\/33964"}],"wp:attachment":[{"href":"https:\/\/stampcurio.com\/hu\/wp-json\/wp\/v2\/media?parent=27668"}],"wp:term":[{"taxonomy":"product_brand","embeddable":true,"href":"https:\/\/stampcurio.com\/hu\/wp-json\/wp\/v2\/product_brand?post=27668"},{"taxonomy":"product_cat","embeddable":true,"href":"https:\/\/stampcurio.com\/hu\/wp-json\/wp\/v2\/product_cat?post=27668"},{"taxonomy":"product_tag","embeddable":true,"href":"https:\/\/stampcurio.com\/hu\/wp-json\/wp\/v2\/product_tag?post=27668"}],"curies":[{"name":"wp","href":"https:\/\/api.w.org\/{rel}","templated":true}]}}