{"id":27666,"date":"2025-11-24T16:31:37","date_gmt":"2025-11-24T15:31:37","guid":{"rendered":"https:\/\/stampcurio.com\/product\/1850-64-ausztria-felvideki-lebelyegzesek-gudlin-1210-pont\/"},"modified":"2026-01-05T15:02:55","modified_gmt":"2026-01-05T14:02:55","slug":"1850-1864-ausztria-szep-felvideki-belyegzesek","status":"publish","type":"product","link":"https:\/\/stampcurio.com\/hu\/termek\/1850-1864-ausztria-szep-felvideki-belyegzesek\/","title":{"rendered":"1850 &#8211; 1864 Ausztria &#8211; sz\u00e9p felvid\u00e9ki b\u00e9lyegz\u00e9sek"},"content":{"rendered":"","protected":false},"excerpt":{"rendered":"","protected":false},"featured_media":34855,"template":"","meta":[],"product_brand":[],"product_cat":[1178,1172,1189],"product_tag":[1669,116,1041,1006],"class_list":{"0":"post-27666","1":"product","2":"type-product","3":"status-publish","4":"has-post-thumbnail","6":"product_cat-ausztria","7":"product_cat-magyarorszag","8":"product_cat-szlovakia","9":"product_tag-3rd-auction","10":"product_tag-belyeg","11":"product_tag-marcophily-hu","12":"product_tag-unsold","14":"first","15":"instock","16":"sold-individually","17":"shipping-taxable","18":"purchasable","19":"product-type-simple"},"_links":{"self":[{"href":"https:\/\/stampcurio.com\/hu\/wp-json\/wp\/v2\/product\/27666","targetHints":{"allow":["GET"]}}],"collection":[{"href":"https:\/\/stampcurio.com\/hu\/wp-json\/wp\/v2\/product"}],"about":[{"href":"https:\/\/stampcurio.com\/hu\/wp-json\/wp\/v2\/types\/product"}],"wp:featuredmedia":[{"embeddable":true,"href":"https:\/\/stampcurio.com\/hu\/wp-json\/wp\/v2\/media\/34855"}],"wp:attachment":[{"href":"https:\/\/stampcurio.com\/hu\/wp-json\/wp\/v2\/media?parent=27666"}],"wp:term":[{"taxonomy":"product_brand","embeddable":true,"href":"https:\/\/stampcurio.com\/hu\/wp-json\/wp\/v2\/product_brand?post=27666"},{"taxonomy":"product_cat","embeddable":true,"href":"https:\/\/stampcurio.com\/hu\/wp-json\/wp\/v2\/product_cat?post=27666"},{"taxonomy":"product_tag","embeddable":true,"href":"https:\/\/stampcurio.com\/hu\/wp-json\/wp\/v2\/product_tag?post=27666"}],"curies":[{"name":"wp","href":"https:\/\/api.w.org\/{rel}","templated":true}]}}