{"id":27663,"date":"2025-11-24T16:31:35","date_gmt":"2025-11-24T15:31:35","guid":{"rendered":"https:\/\/stampcurio.com\/product\/1850-ausztria-3-kr-iiia-tipus-kezi-papir-hp-rosnyo-belyegzessel-ferchenbauer-130g-lemezhiba-verschiedene-weisen-flacken-gudlin-80\/"},"modified":"2025-12-05T04:01:19","modified_gmt":"2025-12-05T03:01:19","slug":"1850-ausztria-3-kr-hp-iiia-tipus-rosnyo-belyegzessel-ferchenbauer-130g-lemezhiba-verschiedene-weisen-flacken","status":"publish","type":"product","link":"https:\/\/stampcurio.com\/hu\/termek\/1850-ausztria-3-kr-hp-iiia-tipus-rosnyo-belyegzessel-ferchenbauer-130g-lemezhiba-verschiedene-weisen-flacken\/","title":{"rendered":"1850 Ausztria &#8211; 3 kr HP IIIa t\u00edpus,  ROSNY\u00d3 b\u00e9lyegz\u00e9ssel, Ferchenbauer: 130g lemezhiba \u201everschiedene wei\u00dfen Fl\u00e4cken\u201d"},"content":{"rendered":"","protected":false},"excerpt":{"rendered":"","protected":false},"featured_media":34011,"template":"","meta":[],"product_brand":[],"product_cat":[1178,1172,1189],"product_tag":[1669,116,1041,217],"class_list":{"0":"post-27663","1":"product","2":"type-product","3":"status-publish","4":"has-post-thumbnail","6":"product_cat-ausztria","7":"product_cat-magyarorszag","8":"product_cat-szlovakia","9":"product_tag-3rd-auction","10":"product_tag-belyeg","11":"product_tag-marcophily-hu","12":"product_tag-tevnyomat","14":"first","15":"outofstock","16":"sold-individually","17":"shipping-taxable","18":"purchasable","19":"product-type-simple"},"_links":{"self":[{"href":"https:\/\/stampcurio.com\/hu\/wp-json\/wp\/v2\/product\/27663","targetHints":{"allow":["GET"]}}],"collection":[{"href":"https:\/\/stampcurio.com\/hu\/wp-json\/wp\/v2\/product"}],"about":[{"href":"https:\/\/stampcurio.com\/hu\/wp-json\/wp\/v2\/types\/product"}],"wp:featuredmedia":[{"embeddable":true,"href":"https:\/\/stampcurio.com\/hu\/wp-json\/wp\/v2\/media\/34011"}],"wp:attachment":[{"href":"https:\/\/stampcurio.com\/hu\/wp-json\/wp\/v2\/media?parent=27663"}],"wp:term":[{"taxonomy":"product_brand","embeddable":true,"href":"https:\/\/stampcurio.com\/hu\/wp-json\/wp\/v2\/product_brand?post=27663"},{"taxonomy":"product_cat","embeddable":true,"href":"https:\/\/stampcurio.com\/hu\/wp-json\/wp\/v2\/product_cat?post=27663"},{"taxonomy":"product_tag","embeddable":true,"href":"https:\/\/stampcurio.com\/hu\/wp-json\/wp\/v2\/product_tag?post=27663"}],"curies":[{"name":"wp","href":"https:\/\/api.w.org\/{rel}","templated":true}]}}