{"id":27662,"date":"2025-11-24T16:31:35","date_gmt":"2025-11-24T15:31:35","guid":{"rendered":"https:\/\/stampcurio.com\/product\/1855-58-svedorszag-1855-58-svedorszag-4-db-szep-belyegzessel-fogazat-13-%c2%be-fogazat-12-ore-levelen-mindket-szinben\/"},"modified":"2025-12-05T04:01:19","modified_gmt":"2025-12-05T03:01:19","slug":"1855-svedorszag-4-sk-szep-belyegzessel-es-az-1858-s-12-ore-mindket-szinben-levelen","status":"publish","type":"product","link":"https:\/\/stampcurio.com\/hu\/termek\/1855-svedorszag-4-sk-szep-belyegzessel-es-az-1858-s-12-ore-mindket-szinben-levelen\/","title":{"rendered":"1855 Sv\u00e9dorsz\u00e1g &#8211; 4 Sk. sz\u00e9p b\u00e9lyegz\u00e9ssel \u00e9s az 1858-s 12 \u00d6RE mindk\u00e9t sz\u00ednben lev\u00e9len"},"content":{"rendered":"","protected":false},"excerpt":{"rendered":"","protected":false},"featured_media":34597,"template":"","meta":[],"product_brand":[],"product_cat":[1237],"product_tag":[1669,116,89],"class_list":{"0":"post-27662","1":"product","2":"type-product","3":"status-publish","4":"has-post-thumbnail","6":"product_cat-svedorszag","7":"product_tag-3rd-auction","8":"product_tag-belyeg","9":"product_tag-postatortenet","11":"first","12":"outofstock","13":"sold-individually","14":"shipping-taxable","15":"purchasable","16":"product-type-simple"},"_links":{"self":[{"href":"https:\/\/stampcurio.com\/hu\/wp-json\/wp\/v2\/product\/27662","targetHints":{"allow":["GET"]}}],"collection":[{"href":"https:\/\/stampcurio.com\/hu\/wp-json\/wp\/v2\/product"}],"about":[{"href":"https:\/\/stampcurio.com\/hu\/wp-json\/wp\/v2\/types\/product"}],"wp:featuredmedia":[{"embeddable":true,"href":"https:\/\/stampcurio.com\/hu\/wp-json\/wp\/v2\/media\/34597"}],"wp:attachment":[{"href":"https:\/\/stampcurio.com\/hu\/wp-json\/wp\/v2\/media?parent=27662"}],"wp:term":[{"taxonomy":"product_brand","embeddable":true,"href":"https:\/\/stampcurio.com\/hu\/wp-json\/wp\/v2\/product_brand?post=27662"},{"taxonomy":"product_cat","embeddable":true,"href":"https:\/\/stampcurio.com\/hu\/wp-json\/wp\/v2\/product_cat?post=27662"},{"taxonomy":"product_tag","embeddable":true,"href":"https:\/\/stampcurio.com\/hu\/wp-json\/wp\/v2\/product_tag?post=27662"}],"curies":[{"name":"wp","href":"https:\/\/api.w.org\/{rel}","templated":true}]}}