{"id":27659,"date":"2025-11-24T16:31:34","date_gmt":"2025-11-24T15:31:34","guid":{"rendered":"https:\/\/stampcurio.com\/product\/1871-magyarorszag-15-kr-reznyomat-par-2-x-3-kr-nagy-erteku-kivagas\/"},"modified":"2025-12-05T04:01:20","modified_gmt":"2025-12-05T03:01:20","slug":"1871-magyarorszag-reznyomat-15-kr-par-es-ket-3-kr-osszesen-36-krajcar-nagy-erteku-kivagas","status":"publish","type":"product","link":"https:\/\/stampcurio.com\/hu\/termek\/1871-magyarorszag-reznyomat-15-kr-par-es-ket-3-kr-osszesen-36-krajcar-nagy-erteku-kivagas\/","title":{"rendered":"1871 Magyarorsz\u00e1g &#8211; r\u00e9znyomat 15 kr p\u00e1r \u00e9s k\u00e9t 3 kr \u00f6sszesen 36 krajc\u00e1r &#8211; nagy \u00e9rt\u00e9k\u0171 kiv\u00e1g\u00e1s"},"content":{"rendered":"","protected":false},"excerpt":{"rendered":"<p>Szolid v\u00edzszintes hajt\u00e1snyom.<\/p>\n","protected":false},"featured_media":33683,"template":"","meta":[],"product_brand":[],"product_cat":[1172],"product_tag":[1669,116,89],"class_list":{"0":"post-27659","1":"product","2":"type-product","3":"status-publish","4":"has-post-thumbnail","6":"product_cat-magyarorszag","7":"product_tag-3rd-auction","8":"product_tag-belyeg","9":"product_tag-postatortenet","11":"first","12":"outofstock","13":"sold-individually","14":"shipping-taxable","15":"purchasable","16":"product-type-simple"},"_links":{"self":[{"href":"https:\/\/stampcurio.com\/hu\/wp-json\/wp\/v2\/product\/27659","targetHints":{"allow":["GET"]}}],"collection":[{"href":"https:\/\/stampcurio.com\/hu\/wp-json\/wp\/v2\/product"}],"about":[{"href":"https:\/\/stampcurio.com\/hu\/wp-json\/wp\/v2\/types\/product"}],"wp:featuredmedia":[{"embeddable":true,"href":"https:\/\/stampcurio.com\/hu\/wp-json\/wp\/v2\/media\/33683"}],"wp:attachment":[{"href":"https:\/\/stampcurio.com\/hu\/wp-json\/wp\/v2\/media?parent=27659"}],"wp:term":[{"taxonomy":"product_brand","embeddable":true,"href":"https:\/\/stampcurio.com\/hu\/wp-json\/wp\/v2\/product_brand?post=27659"},{"taxonomy":"product_cat","embeddable":true,"href":"https:\/\/stampcurio.com\/hu\/wp-json\/wp\/v2\/product_cat?post=27659"},{"taxonomy":"product_tag","embeddable":true,"href":"https:\/\/stampcurio.com\/hu\/wp-json\/wp\/v2\/product_tag?post=27659"}],"curies":[{"name":"wp","href":"https:\/\/api.w.org\/{rel}","templated":true}]}}