{"id":27658,"date":"2025-11-24T16:31:34","date_gmt":"2025-11-24T15:31:34","guid":{"rendered":"https:\/\/stampcurio.com\/product\/dania-belyegek\/"},"modified":"2025-12-05T04:01:19","modified_gmt":"2025-12-05T03:01:19","slug":"1851-1863-dania-pecsetelt-belyegek-osszefuggesek","status":"publish","type":"product","link":"https:\/\/stampcurio.com\/hu\/termek\/1851-1863-dania-pecsetelt-belyegek-osszefuggesek\/","title":{"rendered":"1851 &#8211; 1863 D\u00e1nia &#8211; pecs\u00e9telt b\u00e9lyegek, \u00f6sszef\u00fcgg\u00e9sek"},"content":{"rendered":"","protected":false},"excerpt":{"rendered":"","protected":false},"featured_media":33970,"template":"","meta":[],"product_brand":[],"product_cat":[1200],"product_tag":[1669,116,1041],"class_list":{"0":"post-27658","1":"product","2":"type-product","3":"status-publish","4":"has-post-thumbnail","6":"product_cat-dania","7":"product_tag-3rd-auction","8":"product_tag-belyeg","9":"product_tag-marcophily-hu","11":"first","12":"outofstock","13":"sold-individually","14":"shipping-taxable","15":"purchasable","16":"product-type-simple"},"_links":{"self":[{"href":"https:\/\/stampcurio.com\/hu\/wp-json\/wp\/v2\/product\/27658","targetHints":{"allow":["GET"]}}],"collection":[{"href":"https:\/\/stampcurio.com\/hu\/wp-json\/wp\/v2\/product"}],"about":[{"href":"https:\/\/stampcurio.com\/hu\/wp-json\/wp\/v2\/types\/product"}],"wp:featuredmedia":[{"embeddable":true,"href":"https:\/\/stampcurio.com\/hu\/wp-json\/wp\/v2\/media\/33970"}],"wp:attachment":[{"href":"https:\/\/stampcurio.com\/hu\/wp-json\/wp\/v2\/media?parent=27658"}],"wp:term":[{"taxonomy":"product_brand","embeddable":true,"href":"https:\/\/stampcurio.com\/hu\/wp-json\/wp\/v2\/product_brand?post=27658"},{"taxonomy":"product_cat","embeddable":true,"href":"https:\/\/stampcurio.com\/hu\/wp-json\/wp\/v2\/product_cat?post=27658"},{"taxonomy":"product_tag","embeddable":true,"href":"https:\/\/stampcurio.com\/hu\/wp-json\/wp\/v2\/product_tag?post=27658"}],"curies":[{"name":"wp","href":"https:\/\/api.w.org\/{rel}","templated":true}]}}