{"id":27657,"date":"2025-11-24T16:31:33","date_gmt":"2025-11-24T15:31:33","guid":{"rendered":"https:\/\/stampcurio.com\/product\/1850-ausztria-3-kr-lemezhibak-6-db-belyegen\/"},"modified":"2025-12-05T04:01:20","modified_gmt":"2025-12-05T03:01:20","slug":"1850-ausztria-hat-kulonfele-lemezhibas-3-krajcaros-belyeg","status":"publish","type":"product","link":"https:\/\/stampcurio.com\/hu\/termek\/1850-ausztria-hat-kulonfele-lemezhibas-3-krajcaros-belyeg\/","title":{"rendered":"1850 Ausztria &#8211; hat k\u00fcl\u00f6nf\u00e9le lemezhib\u00e1s 3 krajc\u00e1ros b\u00e9lyeg"},"content":{"rendered":"","protected":false},"excerpt":{"rendered":"","protected":false},"featured_media":33958,"template":"","meta":[],"product_brand":[],"product_cat":[1178,1275],"product_tag":[1669,116,217],"class_list":{"0":"post-27657","1":"product","2":"type-product","3":"status-publish","4":"has-post-thumbnail","6":"product_cat-ausztria","7":"product_cat-fiume","8":"product_tag-3rd-auction","9":"product_tag-belyeg","10":"product_tag-tevnyomat","12":"first","13":"outofstock","14":"sold-individually","15":"shipping-taxable","16":"purchasable","17":"product-type-simple"},"_links":{"self":[{"href":"https:\/\/stampcurio.com\/hu\/wp-json\/wp\/v2\/product\/27657","targetHints":{"allow":["GET"]}}],"collection":[{"href":"https:\/\/stampcurio.com\/hu\/wp-json\/wp\/v2\/product"}],"about":[{"href":"https:\/\/stampcurio.com\/hu\/wp-json\/wp\/v2\/types\/product"}],"wp:featuredmedia":[{"embeddable":true,"href":"https:\/\/stampcurio.com\/hu\/wp-json\/wp\/v2\/media\/33958"}],"wp:attachment":[{"href":"https:\/\/stampcurio.com\/hu\/wp-json\/wp\/v2\/media?parent=27657"}],"wp:term":[{"taxonomy":"product_brand","embeddable":true,"href":"https:\/\/stampcurio.com\/hu\/wp-json\/wp\/v2\/product_brand?post=27657"},{"taxonomy":"product_cat","embeddable":true,"href":"https:\/\/stampcurio.com\/hu\/wp-json\/wp\/v2\/product_cat?post=27657"},{"taxonomy":"product_tag","embeddable":true,"href":"https:\/\/stampcurio.com\/hu\/wp-json\/wp\/v2\/product_tag?post=27657"}],"curies":[{"name":"wp","href":"https:\/\/api.w.org\/{rel}","templated":true}]}}