{"id":27656,"date":"2025-11-24T16:31:33","date_gmt":"2025-11-24T15:31:33","guid":{"rendered":"https:\/\/stampcurio.com\/product\/1850-ausztria-3-kr-ia2-tipus-kezi-papir-hp-sotetcinober-piros-dunkelzinober-rot-pruf-goller\/"},"modified":"2025-12-06T12:08:42","modified_gmt":"2025-12-06T11:08:42","slug":"1850-ausztria-3-kr-kezi-papir-hp-ia2-tipus-sotetcinober-piros-dunkelzinober-rot-luxus-fogaras-belyegzessel-pruf-goller","status":"publish","type":"product","link":"https:\/\/stampcurio.com\/hu\/termek\/1850-ausztria-3-kr-kezi-papir-hp-ia2-tipus-sotetcinober-piros-dunkelzinober-rot-luxus-fogaras-belyegzessel-pruf-goller\/","title":{"rendered":"1850 Ausztria &#8211; 3 kr k\u00e9zi pap\u00edr HP Ia2. t\u00edpus, s\u00f6t\u00e9tcin\u00f3ber-piros (dunkelzinober-rot) luxus FOGARAS b\u00e9lyegz\u00e9ssel | Pr\u00fcf: Goller"},"content":{"rendered":"","protected":false},"excerpt":{"rendered":"","protected":false},"featured_media":32464,"template":"","meta":[],"product_brand":[],"product_cat":[1178,1172,1208],"product_tag":[1669,116,1041],"class_list":{"0":"post-27656","1":"product","2":"type-product","3":"status-publish","4":"has-post-thumbnail","6":"product_cat-ausztria","7":"product_cat-magyarorszag","8":"product_cat-romania","9":"product_tag-3rd-auction","10":"product_tag-belyeg","11":"product_tag-marcophily-hu","13":"first","14":"outofstock","15":"sold-individually","16":"shipping-taxable","17":"purchasable","18":"product-type-simple"},"_links":{"self":[{"href":"https:\/\/stampcurio.com\/hu\/wp-json\/wp\/v2\/product\/27656","targetHints":{"allow":["GET"]}}],"collection":[{"href":"https:\/\/stampcurio.com\/hu\/wp-json\/wp\/v2\/product"}],"about":[{"href":"https:\/\/stampcurio.com\/hu\/wp-json\/wp\/v2\/types\/product"}],"wp:featuredmedia":[{"embeddable":true,"href":"https:\/\/stampcurio.com\/hu\/wp-json\/wp\/v2\/media\/32464"}],"wp:attachment":[{"href":"https:\/\/stampcurio.com\/hu\/wp-json\/wp\/v2\/media?parent=27656"}],"wp:term":[{"taxonomy":"product_brand","embeddable":true,"href":"https:\/\/stampcurio.com\/hu\/wp-json\/wp\/v2\/product_brand?post=27656"},{"taxonomy":"product_cat","embeddable":true,"href":"https:\/\/stampcurio.com\/hu\/wp-json\/wp\/v2\/product_cat?post=27656"},{"taxonomy":"product_tag","embeddable":true,"href":"https:\/\/stampcurio.com\/hu\/wp-json\/wp\/v2\/product_tag?post=27656"}],"curies":[{"name":"wp","href":"https:\/\/api.w.org\/{rel}","templated":true}]}}