{"id":27654,"date":"2025-11-24T16:31:32","date_gmt":"2025-11-24T15:31:32","guid":{"rendered":"https:\/\/stampcurio.com\/product\/1850-ausztria-9-kr-lemezhibak-6-db-belyegen\/"},"modified":"2026-01-26T16:32:42","modified_gmt":"2026-01-26T15:32:42","slug":"1850-ausztria-hat-9-krajcaros-belyeg-kulonfele-lemezhibakkal","status":"publish","type":"product","link":"https:\/\/stampcurio.com\/hu\/termek\/1850-ausztria-hat-9-krajcaros-belyeg-kulonfele-lemezhibakkal\/","title":{"rendered":"1850 Ausztria &#8211; hat 9 krajc\u00e1ros b\u00e9lyeg k\u00fcl\u00f6nf\u00e9le lemezhib\u00e1kkal"},"content":{"rendered":"","protected":false},"excerpt":{"rendered":"","protected":false},"featured_media":34237,"template":"","meta":[],"product_brand":[],"product_cat":[1178],"product_tag":[1669,116,217],"class_list":{"0":"post-27654","1":"product","2":"type-product","3":"status-publish","4":"has-post-thumbnail","6":"product_cat-ausztria","7":"product_tag-3rd-auction","8":"product_tag-belyeg","9":"product_tag-tevnyomat","11":"first","12":"outofstock","13":"sold-individually","14":"shipping-taxable","15":"purchasable","16":"product-type-simple"},"_links":{"self":[{"href":"https:\/\/stampcurio.com\/hu\/wp-json\/wp\/v2\/product\/27654","targetHints":{"allow":["GET"]}}],"collection":[{"href":"https:\/\/stampcurio.com\/hu\/wp-json\/wp\/v2\/product"}],"about":[{"href":"https:\/\/stampcurio.com\/hu\/wp-json\/wp\/v2\/types\/product"}],"wp:featuredmedia":[{"embeddable":true,"href":"https:\/\/stampcurio.com\/hu\/wp-json\/wp\/v2\/media\/34237"}],"wp:attachment":[{"href":"https:\/\/stampcurio.com\/hu\/wp-json\/wp\/v2\/media?parent=27654"}],"wp:term":[{"taxonomy":"product_brand","embeddable":true,"href":"https:\/\/stampcurio.com\/hu\/wp-json\/wp\/v2\/product_brand?post=27654"},{"taxonomy":"product_cat","embeddable":true,"href":"https:\/\/stampcurio.com\/hu\/wp-json\/wp\/v2\/product_cat?post=27654"},{"taxonomy":"product_tag","embeddable":true,"href":"https:\/\/stampcurio.com\/hu\/wp-json\/wp\/v2\/product_tag?post=27654"}],"curies":[{"name":"wp","href":"https:\/\/api.w.org\/{rel}","templated":true}]}}