{"id":27653,"date":"2025-11-24T16:31:32","date_gmt":"2025-11-24T15:31:32","guid":{"rendered":"https:\/\/stampcurio.com\/product\/1900-magyarorszag-turul-postatiszta-6-es-12-filler-szinvariansokkal-phu-825-eur\/"},"modified":"2026-01-11T17:17:31","modified_gmt":"2026-01-11T16:17:31","slug":"1900-magyarorszag-turul-postatiszta-sor-szinvariansokkal-e-fogazattal-mi-54a-70a-phu-68-86-825-eur","status":"publish","type":"product","link":"https:\/\/stampcurio.com\/hu\/termek\/1900-magyarorszag-turul-postatiszta-sor-szinvariansokkal-e-fogazattal-mi-54a-70a-phu-68-86-825-eur\/","title":{"rendered":"1900 Magyarorsz\u00e1g &#8211; Turul postatiszta sor sz\u00ednvari\u00e1nsokkal E fogazattal | Mi: 54A &#8211; 70A | Phu: 68 &#8211; 86 \/ 825 EUR"},"content":{"rendered":"","protected":false},"excerpt":{"rendered":"<p>A 6 \u00e9s 12 fill\u00e9r postatiszta ** a t\u00f6bbi b\u00e9lyeg falcos.<\/p>\n","protected":false},"featured_media":34617,"template":"","meta":[],"product_brand":[],"product_cat":[1172],"product_tag":[1669,116,176],"class_list":{"0":"post-27653","1":"product","2":"type-product","3":"status-publish","4":"has-post-thumbnail","6":"product_cat-magyarorszag","7":"product_tag-3rd-auction","8":"product_tag-belyeg","9":"product_tag-philagem","11":"first","12":"outofstock","13":"sold-individually","14":"shipping-taxable","15":"purchasable","16":"product-type-simple"},"_links":{"self":[{"href":"https:\/\/stampcurio.com\/hu\/wp-json\/wp\/v2\/product\/27653","targetHints":{"allow":["GET"]}}],"collection":[{"href":"https:\/\/stampcurio.com\/hu\/wp-json\/wp\/v2\/product"}],"about":[{"href":"https:\/\/stampcurio.com\/hu\/wp-json\/wp\/v2\/types\/product"}],"wp:featuredmedia":[{"embeddable":true,"href":"https:\/\/stampcurio.com\/hu\/wp-json\/wp\/v2\/media\/34617"}],"wp:attachment":[{"href":"https:\/\/stampcurio.com\/hu\/wp-json\/wp\/v2\/media?parent=27653"}],"wp:term":[{"taxonomy":"product_brand","embeddable":true,"href":"https:\/\/stampcurio.com\/hu\/wp-json\/wp\/v2\/product_brand?post=27653"},{"taxonomy":"product_cat","embeddable":true,"href":"https:\/\/stampcurio.com\/hu\/wp-json\/wp\/v2\/product_cat?post=27653"},{"taxonomy":"product_tag","embeddable":true,"href":"https:\/\/stampcurio.com\/hu\/wp-json\/wp\/v2\/product_tag?post=27653"}],"curies":[{"name":"wp","href":"https:\/\/api.w.org\/{rel}","templated":true}]}}