{"id":27652,"date":"2025-11-24T16:31:31","date_gmt":"2025-11-24T15:31:31","guid":{"rendered":"https:\/\/stampcurio.com\/product\/1939-magyarorszag-mayer-gyula-magyar-a-magyarert-sorozathoz-keszult-tempera-belyegterve-dugonics-titusz-belyegmeretu-nyomdai-foto\/"},"modified":"2026-01-05T15:02:58","modified_gmt":"2026-01-05T14:02:58","slug":"1939-magyarorszag-mayer-gyula-magyar-a-magyarert-sorozathoz-keszult-alairt-tempera-belyegterve-dugovics-titusz-belyegmeretu-nyomdai-foto","status":"publish","type":"product","link":"https:\/\/stampcurio.com\/hu\/termek\/1939-magyarorszag-mayer-gyula-magyar-a-magyarert-sorozathoz-keszult-alairt-tempera-belyegterve-dugovics-titusz-belyegmeretu-nyomdai-foto\/","title":{"rendered":"1939 Magyarorsz\u00e1g &#8211; Mayer Gyula \u201eMagyar a Magyar\u00e9rt\u201d sorozathoz k\u00e9sz\u00fclt al\u00e1\u00edrt tempera b\u00e9lyegterve: Dugovics Titusz + b\u00e9lyegm\u00e9ret\u0171 nyomdai fot\u00f3"},"content":{"rendered":"","protected":false},"excerpt":{"rendered":"","protected":false},"featured_media":29172,"template":"","meta":[],"product_brand":[],"product_cat":[1172],"product_tag":[1669,116,1377,176,1006],"class_list":{"0":"post-27652","1":"product","2":"type-product","3":"status-publish","4":"has-post-thumbnail","6":"product_cat-magyarorszag","7":"product_tag-3rd-auction","8":"product_tag-belyeg","9":"product_tag-belyegterv","10":"product_tag-philagem","11":"product_tag-unsold","13":"first","14":"instock","15":"sold-individually","16":"shipping-taxable","17":"purchasable","18":"product-type-simple"},"_links":{"self":[{"href":"https:\/\/stampcurio.com\/hu\/wp-json\/wp\/v2\/product\/27652","targetHints":{"allow":["GET"]}}],"collection":[{"href":"https:\/\/stampcurio.com\/hu\/wp-json\/wp\/v2\/product"}],"about":[{"href":"https:\/\/stampcurio.com\/hu\/wp-json\/wp\/v2\/types\/product"}],"wp:featuredmedia":[{"embeddable":true,"href":"https:\/\/stampcurio.com\/hu\/wp-json\/wp\/v2\/media\/29172"}],"wp:attachment":[{"href":"https:\/\/stampcurio.com\/hu\/wp-json\/wp\/v2\/media?parent=27652"}],"wp:term":[{"taxonomy":"product_brand","embeddable":true,"href":"https:\/\/stampcurio.com\/hu\/wp-json\/wp\/v2\/product_brand?post=27652"},{"taxonomy":"product_cat","embeddable":true,"href":"https:\/\/stampcurio.com\/hu\/wp-json\/wp\/v2\/product_cat?post=27652"},{"taxonomy":"product_tag","embeddable":true,"href":"https:\/\/stampcurio.com\/hu\/wp-json\/wp\/v2\/product_tag?post=27652"}],"curies":[{"name":"wp","href":"https:\/\/api.w.org\/{rel}","templated":true}]}}