{"id":27651,"date":"2025-11-24T16:31:31","date_gmt":"2025-11-24T15:31:31","guid":{"rendered":"https:\/\/stampcurio.com\/product\/1850-ausztria-lombard-velence-10-centimes-i-tipus-kezi-papir-hp-ferchenbauer-12-lemezhiba-kerben-im-rand-oben\/"},"modified":"2025-12-05T04:01:22","modified_gmt":"2025-12-05T03:01:22","slug":"1850-ausztria-lombard-velence-10-centimes-i-tipus-kezi-papir-hp-ferchenbauer-12-lemezhiba-kerben-im-rand-oben","status":"publish","type":"product","link":"https:\/\/stampcurio.com\/hu\/termek\/1850-ausztria-lombard-velence-10-centimes-i-tipus-kezi-papir-hp-ferchenbauer-12-lemezhiba-kerben-im-rand-oben\/","title":{"rendered":"1850 Ausztria &#8211; Lombard-Velence 10 centimes I. t\u00edpus k\u00e9zi pap\u00edr HP, Ferchenbauer: 12. lemezhiba \u201eKerben im Rand oben\u201d"},"content":{"rendered":"","protected":false},"excerpt":{"rendered":"","protected":false},"featured_media":32584,"template":"","meta":[],"product_brand":[],"product_cat":[1178,1183],"product_tag":[1669,116,217],"class_list":{"0":"post-27651","1":"product","2":"type-product","3":"status-publish","4":"has-post-thumbnail","6":"product_cat-ausztria","7":"product_cat-olaszorszag","8":"product_tag-3rd-auction","9":"product_tag-belyeg","10":"product_tag-tevnyomat","12":"first","13":"outofstock","14":"sold-individually","15":"shipping-taxable","16":"purchasable","17":"product-type-simple"},"_links":{"self":[{"href":"https:\/\/stampcurio.com\/hu\/wp-json\/wp\/v2\/product\/27651","targetHints":{"allow":["GET"]}}],"collection":[{"href":"https:\/\/stampcurio.com\/hu\/wp-json\/wp\/v2\/product"}],"about":[{"href":"https:\/\/stampcurio.com\/hu\/wp-json\/wp\/v2\/types\/product"}],"wp:featuredmedia":[{"embeddable":true,"href":"https:\/\/stampcurio.com\/hu\/wp-json\/wp\/v2\/media\/32584"}],"wp:attachment":[{"href":"https:\/\/stampcurio.com\/hu\/wp-json\/wp\/v2\/media?parent=27651"}],"wp:term":[{"taxonomy":"product_brand","embeddable":true,"href":"https:\/\/stampcurio.com\/hu\/wp-json\/wp\/v2\/product_brand?post=27651"},{"taxonomy":"product_cat","embeddable":true,"href":"https:\/\/stampcurio.com\/hu\/wp-json\/wp\/v2\/product_cat?post=27651"},{"taxonomy":"product_tag","embeddable":true,"href":"https:\/\/stampcurio.com\/hu\/wp-json\/wp\/v2\/product_tag?post=27651"}],"curies":[{"name":"wp","href":"https:\/\/api.w.org\/{rel}","templated":true}]}}