{"id":2765,"date":"2023-11-14T10:36:33","date_gmt":"2023-11-14T09:36:33","guid":{"rendered":"http:\/\/stampcurio.com\/?post_type=product&#038;p=2765"},"modified":"2025-12-05T04:13:25","modified_gmt":"2025-12-05T03:13:25","slug":"1945-februar-10-legiposta-levelezolap-ivanc-nemetorszag-meg-nemet-cenzuraval","status":"publish","type":"product","link":"https:\/\/stampcurio.com\/hu\/termek\/1945-februar-10-legiposta-levelezolap-ivanc-nemetorszag-meg-nemet-cenzuraval\/","title":{"rendered":"1945. febru\u00e1r 10. l\u00e9giposta levelez\u0151lap IV\u00c1NC -> N\u00e9metorsz\u00e1g m\u00e9g n\u00e9met cenz\u00far\u00e1val"},"content":{"rendered":"","protected":false},"excerpt":{"rendered":"","protected":false},"featured_media":11096,"template":"","meta":[],"product_brand":[],"product_cat":[73,113],"product_tag":[279,1044,115,89],"class_list":{"0":"post-2765","1":"product","2":"type-product","3":"status-publish","4":"has-post-thumbnail","6":"product_cat-magyarorszag-1st","7":"product_cat-nemetorszag-1st","8":"product_tag-1944-45","9":"product_tag-1st-auction-hu","10":"product_tag-legiposta","11":"product_tag-postatortenet","12":"pa_catalog_id-278","14":"first","15":"instock","16":"sold-individually","17":"shipping-taxable","18":"product-type-simple"},"_links":{"self":[{"href":"https:\/\/stampcurio.com\/hu\/wp-json\/wp\/v2\/product\/2765","targetHints":{"allow":["GET"]}}],"collection":[{"href":"https:\/\/stampcurio.com\/hu\/wp-json\/wp\/v2\/product"}],"about":[{"href":"https:\/\/stampcurio.com\/hu\/wp-json\/wp\/v2\/types\/product"}],"wp:featuredmedia":[{"embeddable":true,"href":"https:\/\/stampcurio.com\/hu\/wp-json\/wp\/v2\/media\/11096"}],"wp:attachment":[{"href":"https:\/\/stampcurio.com\/hu\/wp-json\/wp\/v2\/media?parent=2765"}],"wp:term":[{"taxonomy":"product_brand","embeddable":true,"href":"https:\/\/stampcurio.com\/hu\/wp-json\/wp\/v2\/product_brand?post=2765"},{"taxonomy":"product_cat","embeddable":true,"href":"https:\/\/stampcurio.com\/hu\/wp-json\/wp\/v2\/product_cat?post=2765"},{"taxonomy":"product_tag","embeddable":true,"href":"https:\/\/stampcurio.com\/hu\/wp-json\/wp\/v2\/product_tag?post=2765"}],"curies":[{"name":"wp","href":"https:\/\/api.w.org\/{rel}","templated":true}]}}