{"id":27648,"date":"2025-11-24T16:31:30","date_gmt":"2025-11-24T15:31:30","guid":{"rendered":"https:\/\/stampcurio.com\/product\/1850-ausztria-9-kr-i-tipus-3-db-belyeg\/"},"modified":"2025-12-05T04:01:22","modified_gmt":"2025-12-05T03:01:22","slug":"1850-ausztria-harom-9-kr-hp-i-tipus-szep-minosegben","status":"publish","type":"product","link":"https:\/\/stampcurio.com\/hu\/termek\/1850-ausztria-harom-9-kr-hp-i-tipus-szep-minosegben\/","title":{"rendered":"1850 Ausztria &#8211; h\u00e1rom 9 kr HP I. t\u00edpus sz\u00e9p min\u0151s\u00e9gben"},"content":{"rendered":"","protected":false},"excerpt":{"rendered":"","protected":false},"featured_media":32448,"template":"","meta":[],"product_brand":[],"product_cat":[1178],"product_tag":[1669,116,1041,217],"class_list":{"0":"post-27648","1":"product","2":"type-product","3":"status-publish","4":"has-post-thumbnail","6":"product_cat-ausztria","7":"product_tag-3rd-auction","8":"product_tag-belyeg","9":"product_tag-marcophily-hu","10":"product_tag-tevnyomat","12":"first","13":"outofstock","14":"sold-individually","15":"shipping-taxable","16":"purchasable","17":"product-type-simple"},"_links":{"self":[{"href":"https:\/\/stampcurio.com\/hu\/wp-json\/wp\/v2\/product\/27648","targetHints":{"allow":["GET"]}}],"collection":[{"href":"https:\/\/stampcurio.com\/hu\/wp-json\/wp\/v2\/product"}],"about":[{"href":"https:\/\/stampcurio.com\/hu\/wp-json\/wp\/v2\/types\/product"}],"wp:featuredmedia":[{"embeddable":true,"href":"https:\/\/stampcurio.com\/hu\/wp-json\/wp\/v2\/media\/32448"}],"wp:attachment":[{"href":"https:\/\/stampcurio.com\/hu\/wp-json\/wp\/v2\/media?parent=27648"}],"wp:term":[{"taxonomy":"product_brand","embeddable":true,"href":"https:\/\/stampcurio.com\/hu\/wp-json\/wp\/v2\/product_brand?post=27648"},{"taxonomy":"product_cat","embeddable":true,"href":"https:\/\/stampcurio.com\/hu\/wp-json\/wp\/v2\/product_cat?post=27648"},{"taxonomy":"product_tag","embeddable":true,"href":"https:\/\/stampcurio.com\/hu\/wp-json\/wp\/v2\/product_tag?post=27648"}],"curies":[{"name":"wp","href":"https:\/\/api.w.org\/{rel}","templated":true}]}}