{"id":27645,"date":"2025-11-24T16:31:29","date_gmt":"2025-11-24T15:31:29","guid":{"rendered":"https:\/\/stampcurio.com\/product\/1850-ausztria-1-kr-iii-tipus-kezi-papir-hp-elso-nyomat-erstdruck-temesvar-belyegzessel\/"},"modified":"2026-01-07T14:11:14","modified_gmt":"2026-01-07T13:11:14","slug":"1850-ausztria-1-kr-iii-tipus-kezi-papir-hp-elso-nyomat-erstdruck-temesvar-belyegzessel","status":"publish","type":"product","link":"https:\/\/stampcurio.com\/hu\/termek\/1850-ausztria-1-kr-iii-tipus-kezi-papir-hp-elso-nyomat-erstdruck-temesvar-belyegzessel\/","title":{"rendered":"1850 Ausztria &#8211; 1 kr III. t\u00edpus k\u00e9zi pap\u00edr HP, els\u0151 nyomat \u201eErstdruck\u201d TEMESV\u00c1R b\u00e9lyegz\u00e9ssel"},"content":{"rendered":"","protected":false},"excerpt":{"rendered":"","protected":false},"featured_media":32578,"template":"","meta":[],"product_brand":[],"product_cat":[1178,1172,1208],"product_tag":[1669,116,1041,217],"class_list":{"0":"post-27645","1":"product","2":"type-product","3":"status-publish","4":"has-post-thumbnail","6":"product_cat-ausztria","7":"product_cat-magyarorszag","8":"product_cat-romania","9":"product_tag-3rd-auction","10":"product_tag-belyeg","11":"product_tag-marcophily-hu","12":"product_tag-tevnyomat","14":"first","15":"outofstock","16":"sold-individually","17":"shipping-taxable","18":"purchasable","19":"product-type-simple"},"_links":{"self":[{"href":"https:\/\/stampcurio.com\/hu\/wp-json\/wp\/v2\/product\/27645","targetHints":{"allow":["GET"]}}],"collection":[{"href":"https:\/\/stampcurio.com\/hu\/wp-json\/wp\/v2\/product"}],"about":[{"href":"https:\/\/stampcurio.com\/hu\/wp-json\/wp\/v2\/types\/product"}],"wp:featuredmedia":[{"embeddable":true,"href":"https:\/\/stampcurio.com\/hu\/wp-json\/wp\/v2\/media\/32578"}],"wp:attachment":[{"href":"https:\/\/stampcurio.com\/hu\/wp-json\/wp\/v2\/media?parent=27645"}],"wp:term":[{"taxonomy":"product_brand","embeddable":true,"href":"https:\/\/stampcurio.com\/hu\/wp-json\/wp\/v2\/product_brand?post=27645"},{"taxonomy":"product_cat","embeddable":true,"href":"https:\/\/stampcurio.com\/hu\/wp-json\/wp\/v2\/product_cat?post=27645"},{"taxonomy":"product_tag","embeddable":true,"href":"https:\/\/stampcurio.com\/hu\/wp-json\/wp\/v2\/product_tag?post=27645"}],"curies":[{"name":"wp","href":"https:\/\/api.w.org\/{rel}","templated":true}]}}