{"id":27643,"date":"2025-11-24T16:31:28","date_gmt":"2025-11-24T15:31:28","guid":{"rendered":"https:\/\/stampcurio.com\/product\/1850-ausztria-2-kr-iiia-tipus-kezi-papir-hp-brunn-belyegzessel\/"},"modified":"2026-01-05T15:02:59","modified_gmt":"2026-01-05T14:02:59","slug":"1850-ausztria-2-kr-kezi-papir-hp-iiia-tipus-brunn-belyegzessel-es-lemezhibaval","status":"publish","type":"product","link":"https:\/\/stampcurio.com\/hu\/termek\/1850-ausztria-2-kr-kezi-papir-hp-iiia-tipus-brunn-belyegzessel-es-lemezhibaval\/","title":{"rendered":"1850 Ausztria &#8211; 2 kr k\u00e9zi pap\u00edr HP IIIa. t\u00edpus BR\u00dcNN b\u00e9lyegz\u00e9ssel \u00e9s lemezhib\u00e1val"},"content":{"rendered":"","protected":false},"excerpt":{"rendered":"","protected":false},"featured_media":32458,"template":"","meta":[],"product_brand":[],"product_cat":[1178,1238],"product_tag":[1669,116,1041,217,1006],"class_list":{"0":"post-27643","1":"product","2":"type-product","3":"status-publish","4":"has-post-thumbnail","6":"product_cat-ausztria","7":"product_cat-csehorszag","8":"product_tag-3rd-auction","9":"product_tag-belyeg","10":"product_tag-marcophily-hu","11":"product_tag-tevnyomat","12":"product_tag-unsold","14":"first","15":"instock","16":"sold-individually","17":"shipping-taxable","18":"purchasable","19":"product-type-simple"},"_links":{"self":[{"href":"https:\/\/stampcurio.com\/hu\/wp-json\/wp\/v2\/product\/27643","targetHints":{"allow":["GET"]}}],"collection":[{"href":"https:\/\/stampcurio.com\/hu\/wp-json\/wp\/v2\/product"}],"about":[{"href":"https:\/\/stampcurio.com\/hu\/wp-json\/wp\/v2\/types\/product"}],"wp:featuredmedia":[{"embeddable":true,"href":"https:\/\/stampcurio.com\/hu\/wp-json\/wp\/v2\/media\/32458"}],"wp:attachment":[{"href":"https:\/\/stampcurio.com\/hu\/wp-json\/wp\/v2\/media?parent=27643"}],"wp:term":[{"taxonomy":"product_brand","embeddable":true,"href":"https:\/\/stampcurio.com\/hu\/wp-json\/wp\/v2\/product_brand?post=27643"},{"taxonomy":"product_cat","embeddable":true,"href":"https:\/\/stampcurio.com\/hu\/wp-json\/wp\/v2\/product_cat?post=27643"},{"taxonomy":"product_tag","embeddable":true,"href":"https:\/\/stampcurio.com\/hu\/wp-json\/wp\/v2\/product_tag?post=27643"}],"curies":[{"name":"wp","href":"https:\/\/api.w.org\/{rel}","templated":true}]}}