{"id":27640,"date":"2025-11-24T16:31:27","date_gmt":"2025-11-24T15:31:27","guid":{"rendered":"https:\/\/stampcurio.com\/product\/1918-magyarorszag-koztarsasag-forditott-felulnyomas-teljes-sor-az-osszes-ismert-forditott-felulnyomattal\/"},"modified":"2026-01-05T15:02:59","modified_gmt":"2026-01-05T14:02:59","slug":"1918-magyarorszag-koztarsasag-belyegek-az-osszes-ismert-forditott-felulnyomattal-postatiszta-sor","status":"publish","type":"product","link":"https:\/\/stampcurio.com\/hu\/termek\/1918-magyarorszag-koztarsasag-belyegek-az-osszes-ismert-forditott-felulnyomattal-postatiszta-sor\/","title":{"rendered":"1918 Magyarorsz\u00e1g &#8211; K\u00f6zt\u00e1rsas\u00e1g b\u00e9lyegek az \u00f6sszes ismert ford\u00edtott fel\u00fclnyomattal postatiszta * sor"},"content":{"rendered":"","protected":false},"excerpt":{"rendered":"","protected":false},"featured_media":37058,"template":"","meta":[],"product_brand":[],"product_cat":[1172],"product_tag":[1669,116,217,1006],"class_list":{"0":"post-27640","1":"product","2":"type-product","3":"status-publish","4":"has-post-thumbnail","6":"product_cat-magyarorszag","7":"product_tag-3rd-auction","8":"product_tag-belyeg","9":"product_tag-tevnyomat","10":"product_tag-unsold","12":"first","13":"instock","14":"sold-individually","15":"shipping-taxable","16":"purchasable","17":"product-type-simple"},"_links":{"self":[{"href":"https:\/\/stampcurio.com\/hu\/wp-json\/wp\/v2\/product\/27640","targetHints":{"allow":["GET"]}}],"collection":[{"href":"https:\/\/stampcurio.com\/hu\/wp-json\/wp\/v2\/product"}],"about":[{"href":"https:\/\/stampcurio.com\/hu\/wp-json\/wp\/v2\/types\/product"}],"wp:featuredmedia":[{"embeddable":true,"href":"https:\/\/stampcurio.com\/hu\/wp-json\/wp\/v2\/media\/37058"}],"wp:attachment":[{"href":"https:\/\/stampcurio.com\/hu\/wp-json\/wp\/v2\/media?parent=27640"}],"wp:term":[{"taxonomy":"product_brand","embeddable":true,"href":"https:\/\/stampcurio.com\/hu\/wp-json\/wp\/v2\/product_brand?post=27640"},{"taxonomy":"product_cat","embeddable":true,"href":"https:\/\/stampcurio.com\/hu\/wp-json\/wp\/v2\/product_cat?post=27640"},{"taxonomy":"product_tag","embeddable":true,"href":"https:\/\/stampcurio.com\/hu\/wp-json\/wp\/v2\/product_tag?post=27640"}],"curies":[{"name":"wp","href":"https:\/\/api.w.org\/{rel}","templated":true}]}}