{"id":27639,"date":"2025-11-24T16:31:26","date_gmt":"2025-11-24T15:31:26","guid":{"rendered":"https:\/\/stampcurio.com\/product\/1868-magyarorszag-hatarorvideki-okmanybelyeg-75-kr-probanyomat-narancssarga-papiron-attest-szucs\/"},"modified":"2025-12-05T04:01:25","modified_gmt":"2025-12-05T03:01:25","slug":"1868-magyarorszag-ausztria-hatarorvideki-okmanybelyeg-75-kr-probanyomat-narancssarga-papiron-attest-szucs","status":"publish","type":"product","link":"https:\/\/stampcurio.com\/hu\/termek\/1868-magyarorszag-ausztria-hatarorvideki-okmanybelyeg-75-kr-probanyomat-narancssarga-papiron-attest-szucs\/","title":{"rendered":"1868 Magyarorsz\u00e1g &#8211; Ausztria &#8211; Hat\u00e1r\u0151rvid\u00e9ki okm\u00e1nyb\u00e9lyeg 75 kr pr\u00f3banyomat narancss\u00e1rga pap\u00edron | Attest: Sz\u0171cs"},"content":{"rendered":"","protected":false},"excerpt":{"rendered":"<p>Elv\u00e9konyod\u00e1s.<\/p>\n","protected":false},"featured_media":34203,"template":"","meta":[],"product_brand":[],"product_cat":[1178,1192,1172,1245],"product_tag":[1669,282,390],"class_list":{"0":"post-27639","1":"product","2":"type-product","3":"status-publish","4":"has-post-thumbnail","6":"product_cat-ausztria","7":"product_cat-horvatorszag","8":"product_cat-magyarorszag","9":"product_cat-szerbia","10":"product_tag-3rd-auction","11":"product_tag-okmanybelyeg","12":"product_tag-probanyomat","14":"first","15":"outofstock","16":"sold-individually","17":"shipping-taxable","18":"purchasable","19":"product-type-simple"},"_links":{"self":[{"href":"https:\/\/stampcurio.com\/hu\/wp-json\/wp\/v2\/product\/27639","targetHints":{"allow":["GET"]}}],"collection":[{"href":"https:\/\/stampcurio.com\/hu\/wp-json\/wp\/v2\/product"}],"about":[{"href":"https:\/\/stampcurio.com\/hu\/wp-json\/wp\/v2\/types\/product"}],"wp:featuredmedia":[{"embeddable":true,"href":"https:\/\/stampcurio.com\/hu\/wp-json\/wp\/v2\/media\/34203"}],"wp:attachment":[{"href":"https:\/\/stampcurio.com\/hu\/wp-json\/wp\/v2\/media?parent=27639"}],"wp:term":[{"taxonomy":"product_brand","embeddable":true,"href":"https:\/\/stampcurio.com\/hu\/wp-json\/wp\/v2\/product_brand?post=27639"},{"taxonomy":"product_cat","embeddable":true,"href":"https:\/\/stampcurio.com\/hu\/wp-json\/wp\/v2\/product_cat?post=27639"},{"taxonomy":"product_tag","embeddable":true,"href":"https:\/\/stampcurio.com\/hu\/wp-json\/wp\/v2\/product_tag?post=27639"}],"curies":[{"name":"wp","href":"https:\/\/api.w.org\/{rel}","templated":true}]}}