{"id":27638,"date":"2025-11-24T16:31:23","date_gmt":"2025-11-24T15:31:23","guid":{"rendered":"https:\/\/stampcurio.com\/product\/1868-magyarorszag-hatarorvideki-okmanybelyeg-36-kr-probanyomat-narancssarga-papiron-attest-szucs\/"},"modified":"2026-01-05T15:02:59","modified_gmt":"2026-01-05T14:02:59","slug":"1868-magyarorszag-ausztria-hatarorvideki-okmanybelyeg-36-kr-probanyomat-narancssarga-papiron-attest-szucs","status":"publish","type":"product","link":"https:\/\/stampcurio.com\/hu\/termek\/1868-magyarorszag-ausztria-hatarorvideki-okmanybelyeg-36-kr-probanyomat-narancssarga-papiron-attest-szucs\/","title":{"rendered":"1868 Magyarorsz\u00e1g \u2013 Ausztria \u2013 Hat\u00e1r\u0151rvid\u00e9ki okm\u00e1nyb\u00e9lyeg 36 kr pr\u00f3banyomat narancss\u00e1rga pap\u00edron | Attest: Sz\u0171cs"},"content":{"rendered":"","protected":false},"excerpt":{"rendered":"","protected":false},"featured_media":34211,"template":"","meta":[],"product_brand":[],"product_cat":[1178,1192,1172,1245],"product_tag":[1669,116,390,1006],"class_list":{"0":"post-27638","1":"product","2":"type-product","3":"status-publish","4":"has-post-thumbnail","6":"product_cat-ausztria","7":"product_cat-horvatorszag","8":"product_cat-magyarorszag","9":"product_cat-szerbia","10":"product_tag-3rd-auction","11":"product_tag-belyeg","12":"product_tag-probanyomat","13":"product_tag-unsold","15":"first","16":"instock","17":"sold-individually","18":"shipping-taxable","19":"purchasable","20":"product-type-simple"},"_links":{"self":[{"href":"https:\/\/stampcurio.com\/hu\/wp-json\/wp\/v2\/product\/27638","targetHints":{"allow":["GET"]}}],"collection":[{"href":"https:\/\/stampcurio.com\/hu\/wp-json\/wp\/v2\/product"}],"about":[{"href":"https:\/\/stampcurio.com\/hu\/wp-json\/wp\/v2\/types\/product"}],"wp:featuredmedia":[{"embeddable":true,"href":"https:\/\/stampcurio.com\/hu\/wp-json\/wp\/v2\/media\/34211"}],"wp:attachment":[{"href":"https:\/\/stampcurio.com\/hu\/wp-json\/wp\/v2\/media?parent=27638"}],"wp:term":[{"taxonomy":"product_brand","embeddable":true,"href":"https:\/\/stampcurio.com\/hu\/wp-json\/wp\/v2\/product_brand?post=27638"},{"taxonomy":"product_cat","embeddable":true,"href":"https:\/\/stampcurio.com\/hu\/wp-json\/wp\/v2\/product_cat?post=27638"},{"taxonomy":"product_tag","embeddable":true,"href":"https:\/\/stampcurio.com\/hu\/wp-json\/wp\/v2\/product_tag?post=27638"}],"curies":[{"name":"wp","href":"https:\/\/api.w.org\/{rel}","templated":true}]}}