{"id":27637,"date":"2025-11-24T16:31:23","date_gmt":"2025-11-24T15:31:23","guid":{"rendered":"https:\/\/stampcurio.com\/product\/1927-magyarorszag-kaposvar-anyakonyvi-kivonat-korona-pengo-vegyes-dijlerovassal-25-000-korona-varosi-illetek-80-filler-okirati-illetek\/"},"modified":"2025-12-05T04:01:26","modified_gmt":"2025-12-05T03:01:26","slug":"1927-magyarorszag-kaposvar-anyakonyvi-kivonat-korona-es-pengo-vegyes-dijlerovassal-25-000-korona-varosi-illetek-80-filler-okirati-illetek","status":"publish","type":"product","link":"https:\/\/stampcurio.com\/hu\/termek\/1927-magyarorszag-kaposvar-anyakonyvi-kivonat-korona-es-pengo-vegyes-dijlerovassal-25-000-korona-varosi-illetek-80-filler-okirati-illetek\/","title":{"rendered":"1927 Magyarorsz\u00e1g &#8211; Kaposv\u00e1r anyak\u00f6nyvi kivonat korona \u00e9s peng\u0151 vegyes d\u00edjlerov\u00e1ssal \u2013 25.000 korona v\u00e1rosi illet\u00e9k + 80 fill\u00e9r okirati illet\u00e9k"},"content":{"rendered":"","protected":false},"excerpt":{"rendered":"","protected":false},"featured_media":30746,"template":"","meta":[],"product_brand":[],"product_cat":[1172],"product_tag":[1669,282,172],"class_list":{"0":"post-27637","1":"product","2":"type-product","3":"status-publish","4":"has-post-thumbnail","6":"product_cat-magyarorszag","7":"product_tag-3rd-auction","8":"product_tag-okmanybelyeg","9":"product_tag-vegyes-bermentesites","11":"first","12":"outofstock","13":"sold-individually","14":"shipping-taxable","15":"purchasable","16":"product-type-simple"},"_links":{"self":[{"href":"https:\/\/stampcurio.com\/hu\/wp-json\/wp\/v2\/product\/27637","targetHints":{"allow":["GET"]}}],"collection":[{"href":"https:\/\/stampcurio.com\/hu\/wp-json\/wp\/v2\/product"}],"about":[{"href":"https:\/\/stampcurio.com\/hu\/wp-json\/wp\/v2\/types\/product"}],"wp:featuredmedia":[{"embeddable":true,"href":"https:\/\/stampcurio.com\/hu\/wp-json\/wp\/v2\/media\/30746"}],"wp:attachment":[{"href":"https:\/\/stampcurio.com\/hu\/wp-json\/wp\/v2\/media?parent=27637"}],"wp:term":[{"taxonomy":"product_brand","embeddable":true,"href":"https:\/\/stampcurio.com\/hu\/wp-json\/wp\/v2\/product_brand?post=27637"},{"taxonomy":"product_cat","embeddable":true,"href":"https:\/\/stampcurio.com\/hu\/wp-json\/wp\/v2\/product_cat?post=27637"},{"taxonomy":"product_tag","embeddable":true,"href":"https:\/\/stampcurio.com\/hu\/wp-json\/wp\/v2\/product_tag?post=27637"}],"curies":[{"name":"wp","href":"https:\/\/api.w.org\/{rel}","templated":true}]}}