{"id":27634,"date":"2025-11-24T16:31:22","date_gmt":"2025-11-24T15:31:22","guid":{"rendered":"https:\/\/stampcurio.com\/product\/brazilia-mi-28-43-5-db-belyeg-mi-229-eur\/"},"modified":"2025-12-05T04:01:26","modified_gmt":"2025-12-05T03:01:26","slug":"1866-1877-brazilia-ot-pecsetelt-belyeg","status":"publish","type":"product","link":"https:\/\/stampcurio.com\/hu\/termek\/1866-1877-brazilia-ot-pecsetelt-belyeg\/","title":{"rendered":"1866 &#8211; 1877 Braz\u00edlia &#8211; \u00f6t pecs\u00e9telt b\u00e9lyeg"},"content":{"rendered":"","protected":false},"excerpt":{"rendered":"","protected":false},"featured_media":34815,"template":"","meta":[],"product_brand":[],"product_cat":[1227],"product_tag":[1669,116],"class_list":{"0":"post-27634","1":"product","2":"type-product","3":"status-publish","4":"has-post-thumbnail","6":"product_cat-brazilia","7":"product_tag-3rd-auction","8":"product_tag-belyeg","10":"first","11":"outofstock","12":"sold-individually","13":"shipping-taxable","14":"purchasable","15":"product-type-simple"},"_links":{"self":[{"href":"https:\/\/stampcurio.com\/hu\/wp-json\/wp\/v2\/product\/27634","targetHints":{"allow":["GET"]}}],"collection":[{"href":"https:\/\/stampcurio.com\/hu\/wp-json\/wp\/v2\/product"}],"about":[{"href":"https:\/\/stampcurio.com\/hu\/wp-json\/wp\/v2\/types\/product"}],"wp:featuredmedia":[{"embeddable":true,"href":"https:\/\/stampcurio.com\/hu\/wp-json\/wp\/v2\/media\/34815"}],"wp:attachment":[{"href":"https:\/\/stampcurio.com\/hu\/wp-json\/wp\/v2\/media?parent=27634"}],"wp:term":[{"taxonomy":"product_brand","embeddable":true,"href":"https:\/\/stampcurio.com\/hu\/wp-json\/wp\/v2\/product_brand?post=27634"},{"taxonomy":"product_cat","embeddable":true,"href":"https:\/\/stampcurio.com\/hu\/wp-json\/wp\/v2\/product_cat?post=27634"},{"taxonomy":"product_tag","embeddable":true,"href":"https:\/\/stampcurio.com\/hu\/wp-json\/wp\/v2\/product_tag?post=27634"}],"curies":[{"name":"wp","href":"https:\/\/api.w.org\/{rel}","templated":true}]}}