{"id":27632,"date":"2025-11-24T16:31:21","date_gmt":"2025-11-24T15:31:21","guid":{"rendered":"https:\/\/stampcurio.com\/product\/onemet-allamok-belyegek-hamisitvanyok-es-ujnyomatok-harom-stecklapon-erdekes-tetel\/"},"modified":"2025-12-05T04:01:27","modified_gmt":"2025-12-05T03:01:27","slug":"1850-nemetorszag-onemet-allamok-eredeti-belyegek-hamisitvanyok-es-ujnyomatok-vegyesen-egy-oreg-belyegalbumbol","status":"publish","type":"product","link":"https:\/\/stampcurio.com\/hu\/termek\/1850-nemetorszag-onemet-allamok-eredeti-belyegek-hamisitvanyok-es-ujnyomatok-vegyesen-egy-oreg-belyegalbumbol\/","title":{"rendered":"1850+ N\u00e9metorsz\u00e1g &#8211; \u00d3n\u00e9met \u00c1llamok &#8211; eredeti b\u00e9lyegek, hamis\u00edtv\u00e1nyok \u00e9s \u00fajnyomatok vegyesen egy \u00f6reg b\u00e9lyegalbumb\u00f3l"},"content":{"rendered":"","protected":false},"excerpt":{"rendered":"","protected":false},"featured_media":35369,"template":"","meta":[],"product_brand":[],"product_cat":[1175],"product_tag":[1669,116],"class_list":{"0":"post-27632","1":"product","2":"type-product","3":"status-publish","4":"has-post-thumbnail","6":"product_cat-nemetorszag","7":"product_tag-3rd-auction","8":"product_tag-belyeg","10":"first","11":"outofstock","12":"sold-individually","13":"shipping-taxable","14":"purchasable","15":"product-type-simple"},"_links":{"self":[{"href":"https:\/\/stampcurio.com\/hu\/wp-json\/wp\/v2\/product\/27632","targetHints":{"allow":["GET"]}}],"collection":[{"href":"https:\/\/stampcurio.com\/hu\/wp-json\/wp\/v2\/product"}],"about":[{"href":"https:\/\/stampcurio.com\/hu\/wp-json\/wp\/v2\/types\/product"}],"wp:featuredmedia":[{"embeddable":true,"href":"https:\/\/stampcurio.com\/hu\/wp-json\/wp\/v2\/media\/35369"}],"wp:attachment":[{"href":"https:\/\/stampcurio.com\/hu\/wp-json\/wp\/v2\/media?parent=27632"}],"wp:term":[{"taxonomy":"product_brand","embeddable":true,"href":"https:\/\/stampcurio.com\/hu\/wp-json\/wp\/v2\/product_brand?post=27632"},{"taxonomy":"product_cat","embeddable":true,"href":"https:\/\/stampcurio.com\/hu\/wp-json\/wp\/v2\/product_cat?post=27632"},{"taxonomy":"product_tag","embeddable":true,"href":"https:\/\/stampcurio.com\/hu\/wp-json\/wp\/v2\/product_tag?post=27632"}],"curies":[{"name":"wp","href":"https:\/\/api.w.org\/{rel}","templated":true}]}}