{"id":27631,"date":"2025-11-24T16:31:21","date_gmt":"2025-11-24T15:31:21","guid":{"rendered":"https:\/\/stampcurio.com\/product\/holland-india-magyarorszagra-kuldott-levelek\/"},"modified":"2026-01-05T15:03:00","modified_gmt":"2026-01-05T14:03:00","slug":"1910-1930-hollandia-holland-india-magyarorszagra-kuldott-levelek-ritkabb-destinacio","status":"publish","type":"product","link":"https:\/\/stampcurio.com\/hu\/termek\/1910-1930-hollandia-holland-india-magyarorszagra-kuldott-levelek-ritkabb-destinacio\/","title":{"rendered":"1910 &#8211; 1930 Hollandia &#8211; Holland-India &#8211; Magyarorsz\u00e1gra k\u00fcld\u00f6tt levelek &#8211; ritk\u00e1bb destin\u00e1ci\u00f3"},"content":{"rendered":"","protected":false},"excerpt":{"rendered":"","protected":false},"featured_media":33898,"template":"","meta":[],"product_brand":[],"product_cat":[1259,1172],"product_tag":[1669,89,1006],"class_list":{"0":"post-27631","1":"product","2":"type-product","3":"status-publish","4":"has-post-thumbnail","6":"product_cat-hollandia","7":"product_cat-magyarorszag","8":"product_tag-3rd-auction","9":"product_tag-postatortenet","10":"product_tag-unsold","12":"first","13":"instock","14":"sold-individually","15":"shipping-taxable","16":"purchasable","17":"product-type-simple"},"_links":{"self":[{"href":"https:\/\/stampcurio.com\/hu\/wp-json\/wp\/v2\/product\/27631","targetHints":{"allow":["GET"]}}],"collection":[{"href":"https:\/\/stampcurio.com\/hu\/wp-json\/wp\/v2\/product"}],"about":[{"href":"https:\/\/stampcurio.com\/hu\/wp-json\/wp\/v2\/types\/product"}],"wp:featuredmedia":[{"embeddable":true,"href":"https:\/\/stampcurio.com\/hu\/wp-json\/wp\/v2\/media\/33898"}],"wp:attachment":[{"href":"https:\/\/stampcurio.com\/hu\/wp-json\/wp\/v2\/media?parent=27631"}],"wp:term":[{"taxonomy":"product_brand","embeddable":true,"href":"https:\/\/stampcurio.com\/hu\/wp-json\/wp\/v2\/product_brand?post=27631"},{"taxonomy":"product_cat","embeddable":true,"href":"https:\/\/stampcurio.com\/hu\/wp-json\/wp\/v2\/product_cat?post=27631"},{"taxonomy":"product_tag","embeddable":true,"href":"https:\/\/stampcurio.com\/hu\/wp-json\/wp\/v2\/product_tag?post=27631"}],"curies":[{"name":"wp","href":"https:\/\/api.w.org\/{rel}","templated":true}]}}