{"id":27630,"date":"2025-11-24T16:31:20","date_gmt":"2025-11-24T15:31:20","guid":{"rendered":"https:\/\/stampcurio.com\/product\/onemet-allamok-bayern-postatiszta-osszeallitas-osszefuggesek-dontoen-ivszeli-jelekkel-es-szamokkal\/"},"modified":"2026-01-08T12:26:35","modified_gmt":"2026-01-08T11:26:35","slug":"1919-nemetorszag-bajororszag-postatiszta-osszeallitas-kis-erdekessegekkel-ivszeli-jelek-es-szamok-fogazott-ivszel-etc","status":"publish","type":"product","link":"https:\/\/stampcurio.com\/hu\/termek\/1919-nemetorszag-bajororszag-postatiszta-osszeallitas-kis-erdekessegekkel-ivszeli-jelek-es-szamok-fogazott-ivszel-etc\/","title":{"rendered":"1919 N\u00e9metorsz\u00e1g &#8211; Bajororsz\u00e1g postatiszta ** \u00f6ssze\u00e1ll\u00edt\u00e1s kis \u00e9rdekess\u00e9gekkel: \u00edvsz\u00e9li jelek \u00e9s sz\u00e1mok, fogazott \u00edvsz\u00e9l etc."},"content":{"rendered":"","protected":false},"excerpt":{"rendered":"","protected":false},"featured_media":35367,"template":"","meta":[],"product_brand":[],"product_cat":[1175],"product_tag":[1669,116,217],"class_list":{"0":"post-27630","1":"product","2":"type-product","3":"status-publish","4":"has-post-thumbnail","6":"product_cat-nemetorszag","7":"product_tag-3rd-auction","8":"product_tag-belyeg","9":"product_tag-tevnyomat","11":"first","12":"outofstock","13":"sold-individually","14":"shipping-taxable","15":"purchasable","16":"product-type-simple"},"_links":{"self":[{"href":"https:\/\/stampcurio.com\/hu\/wp-json\/wp\/v2\/product\/27630","targetHints":{"allow":["GET"]}}],"collection":[{"href":"https:\/\/stampcurio.com\/hu\/wp-json\/wp\/v2\/product"}],"about":[{"href":"https:\/\/stampcurio.com\/hu\/wp-json\/wp\/v2\/types\/product"}],"wp:featuredmedia":[{"embeddable":true,"href":"https:\/\/stampcurio.com\/hu\/wp-json\/wp\/v2\/media\/35367"}],"wp:attachment":[{"href":"https:\/\/stampcurio.com\/hu\/wp-json\/wp\/v2\/media?parent=27630"}],"wp:term":[{"taxonomy":"product_brand","embeddable":true,"href":"https:\/\/stampcurio.com\/hu\/wp-json\/wp\/v2\/product_brand?post=27630"},{"taxonomy":"product_cat","embeddable":true,"href":"https:\/\/stampcurio.com\/hu\/wp-json\/wp\/v2\/product_cat?post=27630"},{"taxonomy":"product_tag","embeddable":true,"href":"https:\/\/stampcurio.com\/hu\/wp-json\/wp\/v2\/product_tag?post=27630"}],"curies":[{"name":"wp","href":"https:\/\/api.w.org\/{rel}","templated":true}]}}