{"id":27629,"date":"2025-11-24T16:31:20","date_gmt":"2025-11-24T15:31:20","guid":{"rendered":"https:\/\/stampcurio.com\/product\/brazilia-brazilia-mi-5-22-11-db-belyeg-vegyes-minosegben\/"},"modified":"2025-12-05T04:01:28","modified_gmt":"2025-12-05T03:01:28","slug":"1844-1866-brazilia-tizenegy-belyeg-vegyes-minosegben-egy-oreg-albumbol","status":"publish","type":"product","link":"https:\/\/stampcurio.com\/hu\/termek\/1844-1866-brazilia-tizenegy-belyeg-vegyes-minosegben-egy-oreg-albumbol\/","title":{"rendered":"1844 &#8211; 1866 Braz\u00edlia &#8211; tizenegy b\u00e9lyeg vegyes min\u0151s\u00e9gben egy \u00f6reg albumb\u00f3l"},"content":{"rendered":"","protected":false},"excerpt":{"rendered":"<p>A 430-as \u00e9rt\u00e9k jav\u00edtott.<\/p>\n","protected":false},"featured_media":34806,"template":"","meta":[],"product_brand":[],"product_cat":[1227],"product_tag":[1669,116],"class_list":{"0":"post-27629","1":"product","2":"type-product","3":"status-publish","4":"has-post-thumbnail","6":"product_cat-brazilia","7":"product_tag-3rd-auction","8":"product_tag-belyeg","10":"first","11":"outofstock","12":"sold-individually","13":"shipping-taxable","14":"purchasable","15":"product-type-simple"},"_links":{"self":[{"href":"https:\/\/stampcurio.com\/hu\/wp-json\/wp\/v2\/product\/27629","targetHints":{"allow":["GET"]}}],"collection":[{"href":"https:\/\/stampcurio.com\/hu\/wp-json\/wp\/v2\/product"}],"about":[{"href":"https:\/\/stampcurio.com\/hu\/wp-json\/wp\/v2\/types\/product"}],"wp:featuredmedia":[{"embeddable":true,"href":"https:\/\/stampcurio.com\/hu\/wp-json\/wp\/v2\/media\/34806"}],"wp:attachment":[{"href":"https:\/\/stampcurio.com\/hu\/wp-json\/wp\/v2\/media?parent=27629"}],"wp:term":[{"taxonomy":"product_brand","embeddable":true,"href":"https:\/\/stampcurio.com\/hu\/wp-json\/wp\/v2\/product_brand?post=27629"},{"taxonomy":"product_cat","embeddable":true,"href":"https:\/\/stampcurio.com\/hu\/wp-json\/wp\/v2\/product_cat?post=27629"},{"taxonomy":"product_tag","embeddable":true,"href":"https:\/\/stampcurio.com\/hu\/wp-json\/wp\/v2\/product_tag?post=27629"}],"curies":[{"name":"wp","href":"https:\/\/api.w.org\/{rel}","templated":true}]}}