{"id":27628,"date":"2025-11-24T16:31:19","date_gmt":"2025-11-24T15:31:19","guid":{"rendered":"https:\/\/stampcurio.com\/product\/chile-chile-1-38-13-db-belyeg-mi-390-eur\/"},"modified":"2026-01-08T12:25:18","modified_gmt":"2026-01-08T11:25:18","slug":"1852-1883-chile-korai-belyegek-egy-oreg-albumbol","status":"publish","type":"product","link":"https:\/\/stampcurio.com\/hu\/termek\/1852-1883-chile-korai-belyegek-egy-oreg-albumbol\/","title":{"rendered":"1852 &#8211; 1883 Chile &#8211; korai b\u00e9lyegek egy \u00f6reg albumb\u00f3l"},"content":{"rendered":"","protected":false},"excerpt":{"rendered":"","protected":false},"featured_media":34802,"template":"","meta":[],"product_brand":[],"product_cat":[1244],"product_tag":[1669,116],"class_list":{"0":"post-27628","1":"product","2":"type-product","3":"status-publish","4":"has-post-thumbnail","6":"product_cat-chile","7":"product_tag-3rd-auction","8":"product_tag-belyeg","10":"first","11":"outofstock","12":"sold-individually","13":"shipping-taxable","14":"purchasable","15":"product-type-simple"},"_links":{"self":[{"href":"https:\/\/stampcurio.com\/hu\/wp-json\/wp\/v2\/product\/27628","targetHints":{"allow":["GET"]}}],"collection":[{"href":"https:\/\/stampcurio.com\/hu\/wp-json\/wp\/v2\/product"}],"about":[{"href":"https:\/\/stampcurio.com\/hu\/wp-json\/wp\/v2\/types\/product"}],"wp:featuredmedia":[{"embeddable":true,"href":"https:\/\/stampcurio.com\/hu\/wp-json\/wp\/v2\/media\/34802"}],"wp:attachment":[{"href":"https:\/\/stampcurio.com\/hu\/wp-json\/wp\/v2\/media?parent=27628"}],"wp:term":[{"taxonomy":"product_brand","embeddable":true,"href":"https:\/\/stampcurio.com\/hu\/wp-json\/wp\/v2\/product_brand?post=27628"},{"taxonomy":"product_cat","embeddable":true,"href":"https:\/\/stampcurio.com\/hu\/wp-json\/wp\/v2\/product_cat?post=27628"},{"taxonomy":"product_tag","embeddable":true,"href":"https:\/\/stampcurio.com\/hu\/wp-json\/wp\/v2\/product_tag?post=27628"}],"curies":[{"name":"wp","href":"https:\/\/api.w.org\/{rel}","templated":true}]}}